{"id":8344,"date":"2022-05-17T14:25:40","date_gmt":"2022-05-17T14:25:40","guid":{"rendered":"https:\/\/webesti.com\/privacy-policy\/"},"modified":"2026-01-02T17:45:48","modified_gmt":"2026-01-02T17:45:48","slug":"privacy-policy","status":"publish","type":"page","link":"https:\/\/webesti.com\/hu\/privacy-policy\/","title":{"rendered":"Adatv\u00e9delmi ir\u00e1nyelvek"},"content":{"rendered":"\t\t<div data-elementor-type=\"wp-page\" data-elementor-id=\"8344\" class=\"elementor elementor-8344 elementor-3\" data-elementor-post-type=\"page\">\n\t\t\t\t<div class=\"elementor-element elementor-element-64858c57 e-flex e-con-boxed e-con e-parent\" data-id=\"64858c57\" data-element_type=\"container\" data-e-type=\"container\" data-settings=\"{&quot;background_background&quot;:&quot;gradient&quot;}\">\n\t\t\t\t\t<div class=\"e-con-inner\">\n\t\t<div class=\"elementor-element elementor-element-ccb3ed4 e-con-full e-flex elementor-invisible e-con e-child\" data-id=\"ccb3ed4\" data-element_type=\"container\" data-e-type=\"container\" data-settings=\"{&quot;animation&quot;:&quot;slideInLeft&quot;}\">\n\t\t\t\t<div class=\"elementor-element elementor-element-4fe10aa9 elementor-widget elementor-widget-heading\" data-id=\"4fe10aa9\" data-element_type=\"widget\" data-e-type=\"widget\" data-widget_type=\"heading.default\">\n\t\t\t\t<div class=\"elementor-widget-container\">\n\t\t\t\t\t<h1 class=\"elementor-heading-title elementor-size-default\">Adatv\u00e9delmi ir\u00e1nyelvek<\/h1>\t\t\t\t<\/div>\n\t\t\t\t<\/div>\n\t\t<div class=\"elementor-element elementor-element-3cda4544 e-flex e-con-boxed e-con e-child\" data-id=\"3cda4544\" data-element_type=\"container\" data-e-type=\"container\">\n\t\t\t\t\t<div class=\"e-con-inner\">\n\t\t\t\t<div class=\"elementor-element elementor-element-63fdefee elementor-widget__width-auto elementor-widget elementor-widget-button\" data-id=\"63fdefee\" data-element_type=\"widget\" data-e-type=\"widget\" data-widget_type=\"button.default\">\n\t\t\t\t<div class=\"elementor-widget-container\">\n\t\t\t\t\t\t\t\t\t<div class=\"elementor-button-wrapper\">\n\t\t\t\t\t<a class=\"elementor-button elementor-button-link elementor-size-sm\" href=\"https:\/\/webesti.com\/hu\/\">\n\t\t\t\t\t\t<span class=\"elementor-button-content-wrapper\">\n\t\t\t\t\t\t\t\t\t<span class=\"elementor-button-text\">Home<\/span>\n\t\t\t\t\t<\/span>\n\t\t\t\t\t<\/a>\n\t\t\t\t<\/div>\n\t\t\t\t\t\t\t\t<\/div>\n\t\t\t\t<\/div>\n\t\t\t\t<div class=\"elementor-element elementor-element-4535e8d elementor-widget__width-auto elementor-widget elementor-widget-button\" data-id=\"4535e8d\" data-element_type=\"widget\" data-e-type=\"widget\" data-widget_type=\"button.default\">\n\t\t\t\t<div class=\"elementor-widget-container\">\n\t\t\t\t\t\t\t\t\t<div class=\"elementor-button-wrapper\">\n\t\t\t\t\t<a class=\"elementor-button elementor-button-link elementor-size-sm\" href=\"https:\/\/webesti.com\/hu\/contact\/\">\n\t\t\t\t\t\t<span class=\"elementor-button-content-wrapper\">\n\t\t\t\t\t\t\t\t\t<span class=\"elementor-button-text\">Kapcsolat<\/span>\n\t\t\t\t\t<\/span>\n\t\t\t\t\t<\/a>\n\t\t\t\t<\/div>\n\t\t\t\t\t\t\t\t<\/div>\n\t\t\t\t<\/div>\n\t\t\t\t\t<\/div>\n\t\t\t\t<\/div>\n\t\t\t\t<\/div>\n\t\t<div class=\"elementor-element elementor-element-3a0159b0 e-con-full e-flex elementor-invisible e-con e-child\" data-id=\"3a0159b0\" data-element_type=\"container\" data-e-type=\"container\" data-settings=\"{&quot;background_background&quot;:&quot;classic&quot;,&quot;animation&quot;:&quot;slideInRight&quot;}\">\n\t\t\t\t<div class=\"elementor-element elementor-element-658f6d45 elementor-widget elementor-widget-image\" data-id=\"658f6d45\" data-element_type=\"widget\" data-e-type=\"widget\" data-settings=\"{&quot;_animation&quot;:&quot;none&quot;,&quot;_animation_delay&quot;:300}\" data-widget_type=\"image.default\">\n\t\t\t\t<div class=\"elementor-widget-container\">\n\t\t\t\t\t\t\t\t\t\t\t\t\t\t\t<img fetchpriority=\"high\" decoding=\"async\" width=\"800\" height=\"655\" src=\"https:\/\/webesti.com\/wp-content\/uploads\/2024\/03\/fish_xl1920-x-1200-px-1024x839.png\" class=\"attachment-large size-large wp-image-5991\" alt=\"orange clown fish in between bubbles coming out of a laptop screen\" srcset=\"https:\/\/webesti.com\/wp-content\/uploads\/2024\/03\/fish_xl1920-x-1200-px-1024x839.png 1024w, https:\/\/webesti.com\/wp-content\/uploads\/2024\/03\/fish_xl1920-x-1200-px-300x246.png 300w, https:\/\/webesti.com\/wp-content\/uploads\/2024\/03\/fish_xl1920-x-1200-px-768x629.png 768w, https:\/\/webesti.com\/wp-content\/uploads\/2024\/03\/fish_xl1920-x-1200-px.png 1492w\" sizes=\"(max-width: 800px) 100vw, 800px\" \/>\t\t\t\t\t\t\t\t\t\t\t\t\t\t\t<\/div>\n\t\t\t\t<\/div>\n\t\t\t\t<\/div>\n\t\t\t\t\t<\/div>\n\t\t\t\t<\/div>\n\t\t<div class=\"elementor-element elementor-element-65f88d5 e-flex e-con-boxed e-con e-parent\" data-id=\"65f88d5\" data-element_type=\"container\" data-e-type=\"container\">\n\t\t\t\t\t<div class=\"e-con-inner\">\n\t\t<div class=\"elementor-element elementor-element-724d444 e-con-full e-flex e-con e-child\" data-id=\"724d444\" data-element_type=\"container\" data-e-type=\"container\">\n\t\t\t\t<div class=\"elementor-element elementor-element-afc38d7 elementor-widget elementor-widget-text-editor\" data-id=\"afc38d7\" data-element_type=\"widget\" data-e-type=\"widget\" data-widget_type=\"text-editor.default\">\n\t\t\t\t<div class=\"elementor-widget-container\">\n\t\t\t\t\t\t\t\t\t\n<p>A weboldal politik\u00e1ja, hogy tiszteletben tartja az \u00d6n mag\u00e1n\u00e9let\u00e9t a weboldalam \u00fczemeltet\u00e9se sor\u00e1n gy\u0171jt\u00f6tt inform\u00e1ci\u00f3kkal kapcsolatban. Ez az adatv\u00e9delmi szab\u00e1lyzat a https:\/\/webesti.com (a tov\u00e1bbiakban &#8222;\u00e9n&#8221;, &#8222;\u00e9n&#8221; vagy &#8222;https:\/\/webesti.com&#8221;) sz\u00e1m\u00e1ra \u00e9rv\u00e9nyes. Tiszteletben tartom az \u00d6n mag\u00e1n\u00e9let\u00e9t, \u00e9s elk\u00f6telezett vagyok a szem\u00e9lyes azonos\u00edt\u00e1sra alkalmas inform\u00e1ci\u00f3k v\u00e9delme ir\u00e1nt, amelyeket a weboldalon kereszt\u00fcl adhat meg nekem. Az\u00e9rt fogadtam el ezt az adatv\u00e9delmi szab\u00e1lyzatot (&#8222;Adatv\u00e9delmi szab\u00e1lyzat&#8221;), hogy elmagyar\u00e1zzam, milyen inform\u00e1ci\u00f3kat gy\u0171jthetek a Weboldalamon, hogyan haszn\u00e1lom fel ezeket az inform\u00e1ci\u00f3kat, \u00e9s milyen k\u00f6r\u00fclm\u00e9nyek k\u00f6z\u00f6tt adhatom \u00e1t az inform\u00e1ci\u00f3kat harmadik feleknek. Ez az Adatv\u00e9delmi szab\u00e1lyzat csak a Weboldalon kereszt\u00fcl gy\u0171jt\u00f6tt inform\u00e1ci\u00f3kra vonatkozik, \u00e9s nem vonatkozik a m\u00e1s forr\u00e1sokb\u00f3l sz\u00e1rmaz\u00f3 inform\u00e1ci\u00f3gy\u0171jt\u00e9s\u00fcnkre.  <\/p>\n\n\n\n<p>Ez az Adatv\u00e9delmi szab\u00e1lyzat meghat\u00e1rozza a Weboldalam \u00d6n \u00e1ltali haszn\u00e1lat\u00e1ra vonatkoz\u00f3 \u00e1ltal\u00e1nos szab\u00e1lyokat \u00e9s ir\u00e1nyelveket.<\/p>\n\n\n\n<h2 class=\"wp-block-heading has-medium-font-size\">S\u00fctik \u00e9s az \u00d6n \u00e1ltal megadott inform\u00e1ci\u00f3k<\/h2>\n\n\n\n<p>A weboldalamon kereszt\u00fcl minim\u00e1lis adatgy\u0171jt\u00e9s t\u00f6rt\u00e9nik. Ez a weboldal azonban a Google Analytics szolg\u00e1ltat\u00e1st haszn\u00e1lja, amely a weboldal forgalmi adatait az Egyes\u00fclt \u00c1llamokban tal\u00e1lhat\u00f3 Google szerverekre tov\u00e1bb\u00edtja. A Google Analytics nem azonos\u00edtja az egyes felhaszn\u00e1l\u00f3kat, \u00e9s nem kapcsolja \u00f6ssze az \u00d6n IP-c\u00edm\u00e9t semmilyen m\u00e1s, a Google \u00e1ltal t\u00e1rolt adattal. A Google Analytics \u00e1ltal szolg\u00e1ltatott jelent\u00e9seket arra haszn\u00e1lom, hogy seg\u00edtsen meg\u00e9rteni a weboldalam forgalm\u00e1t, \u00e9s meghat\u00e1rozza, hogyan jav\u00edthatom a felhaszn\u00e1l\u00f3i \u00e9lm\u00e9nyt. Ha nem k\u00edv\u00e1nja, hogy a Google Analytics adatai k\u00f6z\u00f6tt szerepeljenek, egy egyszer\u0171 <a href=\"https:\/\/tools.google.com\/dlpage\/gaoptout?hl=en\" target=\"_blank\" rel=\"noopener\" title=\"b\u00f6ng\u00e9sz\u0151-kieg\u00e9sz\u00edt\u0151\">b\u00f6ng\u00e9sz\u0151-kieg\u00e9sz\u00edt\u0151vel<\/a> lemondhat err\u0151l.    <\/p>\n\n\n\n<h2 class=\"wp-block-heading has-medium-font-size\">Adatv\u00e9delmi ir\u00e1nyelvek v\u00e1ltoz\u00e1sai<\/h2>\n\n\n\n<p>B\u00e1r a legt\u00f6bb v\u00e1ltoz\u00e1s val\u00f3sz\u00edn\u0171leg kisebb m\u00e9rt\u00e9k\u0171 lesz, ez az oldal id\u0151r\u0151l id\u0151re \u00e9s saj\u00e1t bel\u00e1t\u00e1som szerint megv\u00e1ltoztathatja az adatv\u00e9delmi ir\u00e1nyelveket. Arra b\u00e1tor\u00edtom a l\u00e1togat\u00f3kat, hogy gyakran ellen\u0151rizz\u00e9k ezt az oldalt az Adatv\u00e9delmi ir\u00e1nyelvek esetleges v\u00e1ltoz\u00e1sai miatt. Az oldal tov\u00e1bbi haszn\u00e1lata az Adatv\u00e9delmi szab\u00e1lyzat b\u00e1rmely m\u00f3dos\u00edt\u00e1sa ut\u00e1n az ilyen m\u00f3dos\u00edt\u00e1s elfogad\u00e1s\u00e1nak min\u0151s\u00fcl.  <\/p>\n\n\n\n<h2 class=\"wp-block-heading has-medium-font-size\">L\u00e9pjen kapcsolatba velem<\/h2>\n\n\n\n<p>Ha b\u00e1rmilyen k\u00e9rd\u00e9se van ezzel az Adatv\u00e9delmi Szab\u00e1lyzattal kapcsolatban, a eszter@webesti.com c\u00edmen l\u00e9phet velem kapcsolatba.<\/p>\n\t\t\t\t\t\t\t\t<\/div>\n\t\t\t\t<\/div>\n\t\t\t\t<\/div>\n\t\t\t\t\t<\/div>\n\t\t\t\t<\/div>\n\t\t<div class=\"elementor-element elementor-element-71c8a80f e-flex e-con-boxed e-con e-parent\" data-id=\"71c8a80f\" data-element_type=\"container\" data-e-type=\"container\" data-settings=\"{&quot;background_background&quot;:&quot;gradient&quot;}\">\n\t\t\t\t\t<div class=\"e-con-inner\">\n\t\t\t\t<div class=\"elementor-element elementor-element-5dcf4f4b elementor-widget elementor-widget-button\" data-id=\"5dcf4f4b\" data-element_type=\"widget\" data-e-type=\"widget\" data-widget_type=\"button.default\">\n\t\t\t\t<div class=\"elementor-widget-container\">\n\t\t\t\t\t\t\t\t\t<div class=\"elementor-button-wrapper\">\n\t\t\t\t\t<a class=\"elementor-button elementor-button-link elementor-size-sm\" href=\"https:\/\/webesti.com\/hu\/contact\/\">\n\t\t\t\t\t\t<span class=\"elementor-button-content-wrapper\">\n\t\t\t\t\t\t<span class=\"elementor-button-icon\">\n\t\t\t\t<svg aria-hidden=\"true\" class=\"e-font-icon-svg e-fas-long-arrow-alt-right\" viewBox=\"0 0 448 512\" xmlns=\"http:\/\/www.w3.org\/2000\/svg\"><path d=\"M313.941 216H12c-6.627 0-12 5.373-12 12v56c0 6.627 5.373 12 12 12h301.941v46.059c0 21.382 25.851 32.09 40.971 16.971l86.059-86.059c9.373-9.373 9.373-24.569 0-33.941l-86.059-86.059c-15.119-15.119-40.971-4.411-40.971 16.971V216z\"><\/path><\/svg>\t\t\t<\/span>\n\t\t\t\t\t\t\t\t\t<span class=\"elementor-button-text\">Kapcsolatfelv\u00e9tel<\/span>\n\t\t\t\t\t<\/span>\n\t\t\t\t\t<\/a>\n\t\t\t\t<\/div>\n\t\t\t\t\t\t\t\t<\/div>\n\t\t\t\t<\/div>\n\t\t\t\t\t<\/div>\n\t\t\t\t<\/div>\n\t\t<div class=\"elementor-element elementor-element-edf35fb e-grid e-con-boxed e-con e-parent\" data-id=\"edf35fb\" data-element_type=\"container\" data-e-type=\"container\">\n\t\t\t\t\t<div class=\"e-con-inner\">\n\t\t\t\t\t<\/div>\n\t\t\t\t<\/div>\n\t\t\t\t<\/div>\n\t\t","protected":false},"excerpt":{"rendered":"<p>Adatv\u00e9delmi ir\u00e1nyelvek Home Kapcsolat A weboldal politik\u00e1ja, hogy tiszteletben tartja az \u00d6n mag\u00e1n\u00e9let\u00e9t a weboldalam \u00fczemeltet\u00e9se sor\u00e1n gy\u0171jt\u00f6tt inform\u00e1ci\u00f3kkal kapcsolatban. Ez az adatv\u00e9delmi szab\u00e1lyzat a https:\/\/webesti.com (a tov\u00e1bbiakban &#8222;\u00e9n&#8221;, &#8222;\u00e9n&#8221; vagy &#8222;https:\/\/webesti.com&#8221;) sz\u00e1m\u00e1ra \u00e9rv\u00e9nyes. Tiszteletben tartom az \u00d6n mag\u00e1n\u00e9let\u00e9t, \u00e9s elk\u00f6telezett vagyok a szem\u00e9lyes azonos\u00edt\u00e1sra alkalmas inform\u00e1ci\u00f3k v\u00e9delme ir\u00e1nt, amelyeket a weboldalon kereszt\u00fcl adhat meg [&hellip;]<\/p>\n","protected":false},"author":4,"featured_media":6438,"parent":0,"menu_order":0,"comment_status":"closed","ping_status":"closed","template":"","meta":{"iawp_total_views":2,"footnotes":""},"class_list":["post-8344","page","type-page","status-publish","has-post-thumbnail","hentry"],"yoast_head":"<!-- This site is optimized with the Yoast SEO plugin v27.3 - https:\/\/yoast.com\/product\/yoast-seo-wordpress\/ -->\n<title>Adatv\u00e9delmi ir\u00e1nyelvek - Elk\u00f6telezetts\u00e9g az \u00d6n adatv\u00e9delme ir\u00e1nt | Webesti%<\/title>\n<meta name=\"description\" content=\"Tudjon meg t\u00f6bbet az \u00d6n adatainak v\u00e9delme ir\u00e1nti elk\u00f6telezetts\u00e9g\u00fcnkr\u0151l. Az Adatv\u00e9delmi ir\u00e1nyelvek elmagyar\u00e1zz\u00e1k, hogyan gy\u0171jtj\u00fck, haszn\u00e1ljuk \u00e9s v\u00e9dj\u00fck szem\u00e9lyes adatait.\" \/>\n<meta name=\"robots\" content=\"index, follow, max-snippet:-1, max-image-preview:large, max-video-preview:-1\" \/>\n<link rel=\"canonical\" href=\"https:\/\/webesti.com\/hu\/privacy-policy\/\" \/>\n<meta property=\"og:locale\" content=\"hu_HU\" \/>\n<meta property=\"og:type\" content=\"article\" \/>\n<meta property=\"og:title\" content=\"Adatv\u00e9delmi ir\u00e1nyelvek - Elk\u00f6telezetts\u00e9g az \u00d6n adatv\u00e9delme ir\u00e1nt | Webesti%\" \/>\n<meta property=\"og:description\" content=\"Tudjon meg t\u00f6bbet az \u00d6n adatainak v\u00e9delme ir\u00e1nti elk\u00f6telezetts\u00e9g\u00fcnkr\u0151l. Az Adatv\u00e9delmi ir\u00e1nyelvek elmagyar\u00e1zz\u00e1k, hogyan gy\u0171jtj\u00fck, haszn\u00e1ljuk \u00e9s v\u00e9dj\u00fck szem\u00e9lyes adatait.\" \/>\n<meta property=\"og:url\" content=\"https:\/\/webesti.com\/hu\/privacy-policy\/\" \/>\n<meta property=\"og:site_name\" content=\"Webesti\" \/>\n<meta property=\"article:modified_time\" content=\"2026-01-02T17:45:48+00:00\" \/>\n<meta property=\"og:image\" content=\"https:\/\/webesti.com\/wp-content\/uploads\/2024\/03\/social_profile.jpg\" \/>\n\t<meta property=\"og:image:width\" content=\"1200\" \/>\n\t<meta property=\"og:image:height\" content=\"675\" \/>\n\t<meta property=\"og:image:type\" content=\"image\/jpeg\" \/>\n<meta name=\"twitter:card\" content=\"summary_large_image\" \/>\n<meta name=\"twitter:label1\" content=\"Becs\u00fclt olvas\u00e1si id\u0151\" \/>\n\t<meta name=\"twitter:data1\" content=\"2 perc\" \/>\n<script type=\"application\/ld+json\" class=\"yoast-schema-graph\">{\"@context\":\"https:\\\/\\\/schema.org\",\"@graph\":[{\"@type\":\"WebPage\",\"@id\":\"https:\\\/\\\/webesti.com\\\/hu\\\/privacy-policy\\\/\",\"url\":\"https:\\\/\\\/webesti.com\\\/hu\\\/privacy-policy\\\/\",\"name\":\"Adatv\u00e9delmi ir\u00e1nyelvek - Elk\u00f6telezetts\u00e9g az \u00d6n adatv\u00e9delme ir\u00e1nt | Webesti%\",\"isPartOf\":{\"@id\":\"https:\\\/\\\/webesti.com\\\/hu\\\/#website\"},\"primaryImageOfPage\":{\"@id\":\"https:\\\/\\\/webesti.com\\\/hu\\\/privacy-policy\\\/#primaryimage\"},\"image\":{\"@id\":\"https:\\\/\\\/webesti.com\\\/hu\\\/privacy-policy\\\/#primaryimage\"},\"thumbnailUrl\":\"https:\\\/\\\/webesti.com\\\/wp-content\\\/uploads\\\/2024\\\/03\\\/social_profile.jpg\",\"datePublished\":\"2022-05-17T14:25:40+00:00\",\"dateModified\":\"2026-01-02T17:45:48+00:00\",\"description\":\"Tudjon meg t\u00f6bbet az \u00d6n adatainak v\u00e9delme ir\u00e1nti elk\u00f6telezetts\u00e9g\u00fcnkr\u0151l. Az Adatv\u00e9delmi ir\u00e1nyelvek elmagyar\u00e1zz\u00e1k, hogyan gy\u0171jtj\u00fck, haszn\u00e1ljuk \u00e9s v\u00e9dj\u00fck szem\u00e9lyes adatait.\",\"breadcrumb\":{\"@id\":\"https:\\\/\\\/webesti.com\\\/hu\\\/privacy-policy\\\/#breadcrumb\"},\"inLanguage\":\"hu\",\"potentialAction\":[{\"@type\":\"ReadAction\",\"target\":[\"https:\\\/\\\/webesti.com\\\/hu\\\/privacy-policy\\\/\"]}]},{\"@type\":\"ImageObject\",\"inLanguage\":\"hu\",\"@id\":\"https:\\\/\\\/webesti.com\\\/hu\\\/privacy-policy\\\/#primaryimage\",\"url\":\"https:\\\/\\\/webesti.com\\\/wp-content\\\/uploads\\\/2024\\\/03\\\/social_profile.jpg\",\"contentUrl\":\"https:\\\/\\\/webesti.com\\\/wp-content\\\/uploads\\\/2024\\\/03\\\/social_profile.jpg\",\"width\":1200,\"height\":675,\"caption\":\"Eszter Kiss - Webesti profile image\"},{\"@type\":\"BreadcrumbList\",\"@id\":\"https:\\\/\\\/webesti.com\\\/hu\\\/privacy-policy\\\/#breadcrumb\",\"itemListElement\":[{\"@type\":\"ListItem\",\"position\":1,\"name\":\"Home\",\"item\":\"https:\\\/\\\/webesti.com\\\/hu\\\/home\\\/\"},{\"@type\":\"ListItem\",\"position\":2,\"name\":\"Adatv\u00e9delmi ir\u00e1nyelvek\"}]},{\"@type\":\"WebSite\",\"@id\":\"https:\\\/\\\/webesti.com\\\/hu\\\/#website\",\"url\":\"https:\\\/\\\/webesti.com\\\/hu\\\/\",\"name\":\"Webesti\",\"description\":\"Weboldal tervez\u00e9s \u00e9s fejleszt\u00e9s\",\"publisher\":{\"@id\":\"https:\\\/\\\/webesti.com\\\/hu\\\/#\\\/schema\\\/person\\\/057aef682a457c3d1d9183c3e05a3b16\"},\"potentialAction\":[{\"@type\":\"SearchAction\",\"target\":{\"@type\":\"EntryPoint\",\"urlTemplate\":\"https:\\\/\\\/webesti.com\\\/hu\\\/?s={search_term_string}\"},\"query-input\":{\"@type\":\"PropertyValueSpecification\",\"valueRequired\":true,\"valueName\":\"search_term_string\"}}],\"inLanguage\":\"hu\"},{\"@type\":[\"Person\",\"Organization\"],\"@id\":\"https:\\\/\\\/webesti.com\\\/hu\\\/#\\\/schema\\\/person\\\/057aef682a457c3d1d9183c3e05a3b16\",\"name\":\"Eszter Kiss\",\"image\":{\"@type\":\"ImageObject\",\"inLanguage\":\"hu\",\"@id\":\"https:\\\/\\\/webesti.com\\\/wp-content\\\/uploads\\\/2024\\\/03\\\/Insta_profile.png\",\"url\":\"https:\\\/\\\/webesti.com\\\/wp-content\\\/uploads\\\/2024\\\/03\\\/Insta_profile.png\",\"contentUrl\":\"https:\\\/\\\/webesti.com\\\/wp-content\\\/uploads\\\/2024\\\/03\\\/Insta_profile.png\",\"width\":904,\"height\":1280,\"caption\":\"Eszter Kiss\"},\"logo\":{\"@id\":\"https:\\\/\\\/webesti.com\\\/wp-content\\\/uploads\\\/2024\\\/03\\\/Insta_profile.png\"}}]}<\/script>\n<!-- \/ Yoast SEO plugin. -->","yoast_head_json":{"title":"Adatv\u00e9delmi ir\u00e1nyelvek - Elk\u00f6telezetts\u00e9g az \u00d6n adatv\u00e9delme ir\u00e1nt | Webesti%","description":"Tudjon meg t\u00f6bbet az \u00d6n adatainak v\u00e9delme ir\u00e1nti elk\u00f6telezetts\u00e9g\u00fcnkr\u0151l. Az Adatv\u00e9delmi ir\u00e1nyelvek elmagyar\u00e1zz\u00e1k, hogyan gy\u0171jtj\u00fck, haszn\u00e1ljuk \u00e9s v\u00e9dj\u00fck szem\u00e9lyes adatait.","robots":{"index":"index","follow":"follow","max-snippet":"max-snippet:-1","max-image-preview":"max-image-preview:large","max-video-preview":"max-video-preview:-1"},"canonical":"https:\/\/webesti.com\/hu\/privacy-policy\/","og_locale":"hu_HU","og_type":"article","og_title":"Adatv\u00e9delmi ir\u00e1nyelvek - Elk\u00f6telezetts\u00e9g az \u00d6n adatv\u00e9delme ir\u00e1nt | Webesti%","og_description":"Tudjon meg t\u00f6bbet az \u00d6n adatainak v\u00e9delme ir\u00e1nti elk\u00f6telezetts\u00e9g\u00fcnkr\u0151l. Az Adatv\u00e9delmi ir\u00e1nyelvek elmagyar\u00e1zz\u00e1k, hogyan gy\u0171jtj\u00fck, haszn\u00e1ljuk \u00e9s v\u00e9dj\u00fck szem\u00e9lyes adatait.","og_url":"https:\/\/webesti.com\/hu\/privacy-policy\/","og_site_name":"Webesti","article_modified_time":"2026-01-02T17:45:48+00:00","og_image":[{"width":1200,"height":675,"url":"https:\/\/webesti.com\/wp-content\/uploads\/2024\/03\/social_profile.jpg","type":"image\/jpeg"}],"twitter_card":"summary_large_image","twitter_misc":{"Becs\u00fclt olvas\u00e1si id\u0151":"2 perc"},"schema":{"@context":"https:\/\/schema.org","@graph":[{"@type":"WebPage","@id":"https:\/\/webesti.com\/hu\/privacy-policy\/","url":"https:\/\/webesti.com\/hu\/privacy-policy\/","name":"Adatv\u00e9delmi ir\u00e1nyelvek - Elk\u00f6telezetts\u00e9g az \u00d6n adatv\u00e9delme ir\u00e1nt | Webesti%","isPartOf":{"@id":"https:\/\/webesti.com\/hu\/#website"},"primaryImageOfPage":{"@id":"https:\/\/webesti.com\/hu\/privacy-policy\/#primaryimage"},"image":{"@id":"https:\/\/webesti.com\/hu\/privacy-policy\/#primaryimage"},"thumbnailUrl":"https:\/\/webesti.com\/wp-content\/uploads\/2024\/03\/social_profile.jpg","datePublished":"2022-05-17T14:25:40+00:00","dateModified":"2026-01-02T17:45:48+00:00","description":"Tudjon meg t\u00f6bbet az \u00d6n adatainak v\u00e9delme ir\u00e1nti elk\u00f6telezetts\u00e9g\u00fcnkr\u0151l. Az Adatv\u00e9delmi ir\u00e1nyelvek elmagyar\u00e1zz\u00e1k, hogyan gy\u0171jtj\u00fck, haszn\u00e1ljuk \u00e9s v\u00e9dj\u00fck szem\u00e9lyes adatait.","breadcrumb":{"@id":"https:\/\/webesti.com\/hu\/privacy-policy\/#breadcrumb"},"inLanguage":"hu","potentialAction":[{"@type":"ReadAction","target":["https:\/\/webesti.com\/hu\/privacy-policy\/"]}]},{"@type":"ImageObject","inLanguage":"hu","@id":"https:\/\/webesti.com\/hu\/privacy-policy\/#primaryimage","url":"https:\/\/webesti.com\/wp-content\/uploads\/2024\/03\/social_profile.jpg","contentUrl":"https:\/\/webesti.com\/wp-content\/uploads\/2024\/03\/social_profile.jpg","width":1200,"height":675,"caption":"Eszter Kiss - Webesti profile image"},{"@type":"BreadcrumbList","@id":"https:\/\/webesti.com\/hu\/privacy-policy\/#breadcrumb","itemListElement":[{"@type":"ListItem","position":1,"name":"Home","item":"https:\/\/webesti.com\/hu\/home\/"},{"@type":"ListItem","position":2,"name":"Adatv\u00e9delmi ir\u00e1nyelvek"}]},{"@type":"WebSite","@id":"https:\/\/webesti.com\/hu\/#website","url":"https:\/\/webesti.com\/hu\/","name":"Webesti","description":"Weboldal tervez\u00e9s \u00e9s fejleszt\u00e9s","publisher":{"@id":"https:\/\/webesti.com\/hu\/#\/schema\/person\/057aef682a457c3d1d9183c3e05a3b16"},"potentialAction":[{"@type":"SearchAction","target":{"@type":"EntryPoint","urlTemplate":"https:\/\/webesti.com\/hu\/?s={search_term_string}"},"query-input":{"@type":"PropertyValueSpecification","valueRequired":true,"valueName":"search_term_string"}}],"inLanguage":"hu"},{"@type":["Person","Organization"],"@id":"https:\/\/webesti.com\/hu\/#\/schema\/person\/057aef682a457c3d1d9183c3e05a3b16","name":"Eszter Kiss","image":{"@type":"ImageObject","inLanguage":"hu","@id":"https:\/\/webesti.com\/wp-content\/uploads\/2024\/03\/Insta_profile.png","url":"https:\/\/webesti.com\/wp-content\/uploads\/2024\/03\/Insta_profile.png","contentUrl":"https:\/\/webesti.com\/wp-content\/uploads\/2024\/03\/Insta_profile.png","width":904,"height":1280,"caption":"Eszter Kiss"},"logo":{"@id":"https:\/\/webesti.com\/wp-content\/uploads\/2024\/03\/Insta_profile.png"}}]}},"_links":{"self":[{"href":"https:\/\/webesti.com\/hu\/wp-json\/wp\/v2\/pages\/8344","targetHints":{"allow":["GET"]}}],"collection":[{"href":"https:\/\/webesti.com\/hu\/wp-json\/wp\/v2\/pages"}],"about":[{"href":"https:\/\/webesti.com\/hu\/wp-json\/wp\/v2\/types\/page"}],"author":[{"embeddable":true,"href":"https:\/\/webesti.com\/hu\/wp-json\/wp\/v2\/users\/4"}],"replies":[{"embeddable":true,"href":"https:\/\/webesti.com\/hu\/wp-json\/wp\/v2\/comments?post=8344"}],"version-history":[{"count":1,"href":"https:\/\/webesti.com\/hu\/wp-json\/wp\/v2\/pages\/8344\/revisions"}],"predecessor-version":[{"id":8345,"href":"https:\/\/webesti.com\/hu\/wp-json\/wp\/v2\/pages\/8344\/revisions\/8345"}],"wp:featuredmedia":[{"embeddable":true,"href":"https:\/\/webesti.com\/hu\/wp-json\/wp\/v2\/media\/6438"}],"wp:attachment":[{"href":"https:\/\/webesti.com\/hu\/wp-json\/wp\/v2\/media?parent=8344"}],"curies":[{"name":"wp","href":"https:\/\/api.w.org\/{rel}","templated":true}]}}