{"id":8325,"date":"2021-02-02T08:22:14","date_gmt":"2021-02-02T08:22:14","guid":{"rendered":"https:\/\/webesti.com\/contact\/"},"modified":"2026-01-02T17:45:35","modified_gmt":"2026-01-02T17:45:35","slug":"contact","status":"publish","type":"page","link":"https:\/\/webesti.com\/hu\/contact\/","title":{"rendered":"Kapcsolat"},"content":{"rendered":"\t\t<div data-elementor-type=\"wp-page\" data-elementor-id=\"8325\" class=\"elementor elementor-8325 elementor-1357\" data-elementor-post-type=\"page\">\n\t\t\t\t<div class=\"elementor-element elementor-element-73504392 e-flex e-con-boxed e-con e-parent\" data-id=\"73504392\" data-element_type=\"container\" data-e-type=\"container\" data-settings=\"{&quot;background_background&quot;:&quot;gradient&quot;}\">\n\t\t\t\t\t<div class=\"e-con-inner\">\n\t\t<div class=\"elementor-element elementor-element-5f67c21e e-con-full e-flex elementor-invisible e-con e-child\" data-id=\"5f67c21e\" data-element_type=\"container\" data-e-type=\"container\" data-settings=\"{&quot;animation&quot;:&quot;slideInLeft&quot;}\">\n\t\t\t\t<div class=\"elementor-element elementor-element-121e3fb elementor-widget elementor-widget-heading\" data-id=\"121e3fb\" data-element_type=\"widget\" data-e-type=\"widget\" data-widget_type=\"heading.default\">\n\t\t\t\t<div class=\"elementor-widget-container\">\n\t\t\t\t\t<span class=\"elementor-heading-title elementor-size-default\">Dolgozzunk egy\u00fctt!<\/span>\t\t\t\t<\/div>\n\t\t\t\t<\/div>\n\t\t<div class=\"elementor-element elementor-element-56a2e9e6 e-flex e-con-boxed e-con e-child\" data-id=\"56a2e9e6\" data-element_type=\"container\" data-e-type=\"container\">\n\t\t\t\t\t<div class=\"e-con-inner\">\n\t\t\t\t<div class=\"elementor-element elementor-element-21d8d249 elementor-widget__width-auto elementor-widget elementor-widget-button\" data-id=\"21d8d249\" data-element_type=\"widget\" data-e-type=\"widget\" data-widget_type=\"button.default\">\n\t\t\t\t<div class=\"elementor-widget-container\">\n\t\t\t\t\t\t\t\t\t<div class=\"elementor-button-wrapper\">\n\t\t\t\t\t<a class=\"elementor-button elementor-button-link elementor-size-sm\" href=\"https:\/\/webesti.com\/\">\n\t\t\t\t\t\t<span class=\"elementor-button-content-wrapper\">\n\t\t\t\t\t\t\t\t\t<span class=\"elementor-button-text\">Home<\/span>\n\t\t\t\t\t<\/span>\n\t\t\t\t\t<\/a>\n\t\t\t\t<\/div>\n\t\t\t\t\t\t\t\t<\/div>\n\t\t\t\t<\/div>\n\t\t\t\t<div class=\"elementor-element elementor-element-28f19fd elementor-widget__width-auto elementor-widget elementor-widget-button\" data-id=\"28f19fd\" data-element_type=\"widget\" data-e-type=\"widget\" data-widget_type=\"button.default\">\n\t\t\t\t<div class=\"elementor-widget-container\">\n\t\t\t\t\t\t\t\t\t<div class=\"elementor-button-wrapper\">\n\t\t\t\t\t<a class=\"elementor-button elementor-button-link elementor-size-sm\" href=\"https:\/\/webesti.com\/services\/\">\n\t\t\t\t\t\t<span class=\"elementor-button-content-wrapper\">\n\t\t\t\t\t\t\t\t\t<span class=\"elementor-button-text\">Szolg\u00e1ltat\u00e1sok<\/span>\n\t\t\t\t\t<\/span>\n\t\t\t\t\t<\/a>\n\t\t\t\t<\/div>\n\t\t\t\t\t\t\t\t<\/div>\n\t\t\t\t<\/div>\n\t\t\t\t\t<\/div>\n\t\t\t\t<\/div>\n\t\t\t\t<\/div>\n\t\t<div class=\"elementor-element elementor-element-38766ee7 e-con-full e-flex elementor-invisible e-con e-child\" data-id=\"38766ee7\" data-element_type=\"container\" data-e-type=\"container\" data-settings=\"{&quot;background_background&quot;:&quot;classic&quot;,&quot;animation&quot;:&quot;slideInRight&quot;}\">\n\t\t\t\t<div class=\"elementor-element elementor-element-77595874 elementor-widget elementor-widget-image\" data-id=\"77595874\" data-element_type=\"widget\" data-e-type=\"widget\" data-settings=\"{&quot;_animation&quot;:&quot;none&quot;,&quot;_animation_delay&quot;:300}\" data-widget_type=\"image.default\">\n\t\t\t\t<div class=\"elementor-widget-container\">\n\t\t\t\t\t\t\t\t\t\t\t\t\t\t\t<img fetchpriority=\"high\" decoding=\"async\" width=\"800\" height=\"538\" src=\"https:\/\/webesti.com\/wp-content\/uploads\/2024\/03\/profile_picture.png\" class=\"attachment-large size-large wp-image-5987\" alt=\"Eszter Kiss - Webesti profile image\" srcset=\"https:\/\/webesti.com\/wp-content\/uploads\/2024\/03\/profile_picture.png 803w, https:\/\/webesti.com\/wp-content\/uploads\/2024\/03\/profile_picture-300x202.png 300w, https:\/\/webesti.com\/wp-content\/uploads\/2024\/03\/profile_picture-768x516.png 768w\" sizes=\"(max-width: 800px) 100vw, 800px\" \/>\t\t\t\t\t\t\t\t\t\t\t\t\t\t\t<\/div>\n\t\t\t\t<\/div>\n\t\t\t\t<\/div>\n\t\t\t\t\t<\/div>\n\t\t\t\t<\/div>\n\t\t<div class=\"elementor-element elementor-element-6bda638 e-flex e-con-boxed e-con e-parent\" data-id=\"6bda638\" data-element_type=\"container\" data-e-type=\"container\">\n\t\t\t\t\t<div class=\"e-con-inner\">\n\t\t\t\t<div class=\"elementor-element elementor-element-36959760 elementor-widget elementor-widget-heading\" data-id=\"36959760\" data-element_type=\"widget\" data-e-type=\"widget\" data-widget_type=\"heading.default\">\n\t\t\t\t<div class=\"elementor-widget-container\">\n\t\t\t\t\t<h1 class=\"elementor-heading-title elementor-size-default\">L\u00e9pjen kapcsolatba velem<\/h1>\t\t\t\t<\/div>\n\t\t\t\t<\/div>\n\t\t\t\t<div class=\"elementor-element elementor-element-3a2baf40 elementor-widget__width-initial elementor-widget elementor-widget-heading\" data-id=\"3a2baf40\" data-element_type=\"widget\" data-e-type=\"widget\" data-widget_type=\"heading.default\">\n\t\t\t\t<div class=\"elementor-widget-container\">\n\t\t\t\t\t<span class=\"elementor-heading-title elementor-size-default\">B\u00e1rmilyen k\u00e9rd\u00e9ssel forduljon hozz\u00e1nk.<\/span>\t\t\t\t<\/div>\n\t\t\t\t<\/div>\n\t\t\t\t<div class=\"elementor-element elementor-element-64012838 elementor-widget__width-initial elementor-widget elementor-widget-text-editor\" data-id=\"64012838\" data-element_type=\"widget\" data-e-type=\"widget\" data-widget_type=\"text-editor.default\">\n\t\t\t\t<div class=\"elementor-widget-container\">\n\t\t\t\t\t\t\t\t\t<p>Ha eljutott\u00e1l erre a weboldalra, az azt jelenti, hogy \u00fagy gondolsz r\u00e1m, mint potenci\u00e1lis webdesignerre, webfejleszt\u0151re. Ha ez \u00edgy van, hurr\u00e1! Biztos vagyok benne, hogy az \u00d6n v\u00e1llalkoz\u00e1s\u00e1t is vir\u00e1gz\u00e1snak ind\u00edtjuk.    <\/p><p>Nyugodtan k\u00fcldj\u00f6n nekem \u00fczenetet a kapcsolatfelv\u00e9teli \u0171rlapon kereszt\u00fcl, vagy k\u00f6zvetlen\u00fcl \u00fctemezzen velem egy bemutatkoz\u00f3 vide\u00f3h\u00edv\u00e1st.  <\/p><p>Alig v\u00e1rom, hogy megismerhesselek!<\/p>\t\t\t\t\t\t\t\t<\/div>\n\t\t\t\t<\/div>\n\t\t<div class=\"elementor-element elementor-element-737f0384 e-con-full e-flex e-con e-child\" data-id=\"737f0384\" data-element_type=\"container\" data-e-type=\"container\">\n\t\t<div class=\"elementor-element elementor-element-d4bfbb1 e-con-full e-flex e-con e-child\" data-id=\"d4bfbb1\" data-element_type=\"container\" data-e-type=\"container\">\n\t\t<div class=\"elementor-element elementor-element-d1e4b70 e-flex e-con-boxed e-con e-child\" data-id=\"d1e4b70\" data-element_type=\"container\" data-e-type=\"container\" data-settings=\"{&quot;background_background&quot;:&quot;gradient&quot;}\">\n\t\t\t\t\t<div class=\"e-con-inner\">\n\t\t\t\t<div class=\"elementor-element elementor-element-bbe56dd elementor-widget elementor-widget-heading\" data-id=\"bbe56dd\" data-element_type=\"widget\" data-e-type=\"widget\" data-widget_type=\"heading.default\">\n\t\t\t\t<div class=\"elementor-widget-container\">\n\t\t\t\t\t<h2 class=\"elementor-heading-title elementor-size-default\">Kapcsolat \u0171rlap<\/h2>\t\t\t\t<\/div>\n\t\t\t\t<\/div>\n\t\t\t\t\t<\/div>\n\t\t\t\t<\/div>\n\t\t\t\t<div class=\"elementor-element elementor-element-54888d1 elementor-widget elementor-widget-wpforms\" data-id=\"54888d1\" data-element_type=\"widget\" data-e-type=\"widget\" data-widget_type=\"wpforms.default\">\n\t\t\t\t<div class=\"elementor-widget-container\">\n\t\t\t\t\t<style id=\"wpforms-css-vars-elementor-widget-54888d1\">\n\t\t\t\t.elementor-widget-wpforms.elementor-element-54888d1 {\n\t\t\t\t--wpforms-field-border-color: #00000030;\n--wpforms-field-border-color-spare: #00000030;\n--wpforms-field-text-color: #000000;\n--wpforms-label-color: #000000;\n--wpforms-button-background-color: #FD8A05;\n\t\t\t}\n\t\t\t<\/style><div class=\"wpforms-container wpforms-container-full wpforms-render-modern\" id=\"wpforms-10\"><form id=\"wpforms-form-10\" class=\"wpforms-validate wpforms-form\" data-formid=\"10\" method=\"post\" enctype=\"multipart\/form-data\" action=\"\/hu\/wp-json\/wp\/v2\/pages\/8325\" data-token=\"fd3e7d626aeb63f70faf427d95378ba2\" data-token-time=\"1775395724\"><noscript class=\"wpforms-error-noscript\">Please enable JavaScript in your browser to complete this form.<\/noscript><div id=\"wpforms-error-noscript\" style=\"display: none;\">Please enable JavaScript in your browser to complete this form.<\/div><div class=\"wpforms-field-container\"><div id=\"wpforms-10-field_0-container\" class=\"wpforms-field wpforms-field-name wpforms-one-half wpforms-first\" data-field-id=\"0\"><label class=\"wpforms-field-label wpforms-label-hide\" for=\"wpforms-10-field_0\" aria-hidden=\"false\">N\u00e9v <span class=\"wpforms-required-label\" aria-hidden=\"true\">*<\/span><\/label><input type=\"text\" id=\"wpforms-10-field_0\" class=\"wpforms-field-large wpforms-field-required\" name=\"wpforms[fields][0]\" placeholder=\"Mi a neved?\" aria-errormessage=\"wpforms-10-field_0-error\" required><\/div><div id=\"wpforms-10-field_1-container\" class=\"wpforms-field wpforms-field-email wpforms-one-half\" data-field-id=\"1\"><label class=\"wpforms-field-label wpforms-label-hide\" for=\"wpforms-10-field_1\" aria-hidden=\"false\">E-mail <span class=\"wpforms-required-label\" aria-hidden=\"true\">*<\/span><\/label><input type=\"email\" id=\"wpforms-10-field_1\" class=\"wpforms-field-large wpforms-field-required\" data-rule-restricted-email=\"1\" name=\"wpforms[fields][1]\" placeholder=\"Mi az e-mail c\u00edme?\" spellcheck=\"false\" aria-errormessage=\"wpforms-10-field_1-error\" required><\/div><div id=\"wpforms-10-field_3-container\" class=\"wpforms-field wpforms-field-select wpforms-field-select-style-modern\" data-field-id=\"3\"><label class=\"wpforms-field-label wpforms-label-hide\" for=\"wpforms-10-field_3\" aria-hidden=\"false\">V\u00e1lassza ki a szolg\u00e1ltat\u00e1somat <span class=\"wpforms-required-label\" aria-hidden=\"true\">*<\/span><\/label><select id=\"wpforms-10-field_3\" class=\"wpforms-field-large wpforms-field-required choicesjs-select\" data-size-class=\"wpforms-field-row wpforms-field-large\" data-search-enabled=\"\" name=\"wpforms[fields][3]\" required=\"required\"><option value=\"\" class=\"placeholder\" disabled  selected='selected'>V\u00e1lasszon szolg\u00e1ltat\u00e1st<\/option><option value=\"\u00daj weboldal\"  class=\"choice-1 depth-1\"  >\u00daj weboldal<\/option><option value=\"Megl\u00e9v\u0151 weboldal friss\u00edt\u00e9sek\"  class=\"choice-2 depth-1\"  >Megl\u00e9v\u0151 weboldal friss\u00edt\u00e9sek<\/option><option value=\"Karbantart\u00e1s\"  class=\"choice-4 depth-1\"  >Karbantart\u00e1s<\/option><option value=\"\u00dczleti egy\u00fcttm\u0171k\u00f6d\u00e9s\"  class=\"choice-5 depth-1\"  >\u00dczleti egy\u00fcttm\u0171k\u00f6d\u00e9s<\/option><\/select><\/div><div id=\"wpforms-10-field_2-container\" class=\"wpforms-field wpforms-field-textarea\" data-field-id=\"2\"><label class=\"wpforms-field-label wpforms-label-hide\" for=\"wpforms-10-field_2\" aria-hidden=\"false\">\u00dczenet <span class=\"wpforms-required-label\" aria-hidden=\"true\">*<\/span><\/label><textarea id=\"wpforms-10-field_2\" class=\"wpforms-field-large wpforms-field-required wpforms-limit-words-enabled\" data-form-id=\"10\" data-field-id=\"2\" data-text-limit=\"600\" name=\"wpforms[fields][2]\" placeholder=\"Mes\u00e9ljen t\u00f6bbet arr\u00f3l, hogyan seg\u00edthetek \u00d6nnek!\" aria-errormessage=\"wpforms-10-field_2-error\" required><\/textarea><\/div><div id=\"wpforms-10-field_4-container\" class=\"wpforms-field wpforms-field-gdpr-checkbox\" data-field-id=\"4\"><label class=\"wpforms-field-label wpforms-label-hide\" aria-hidden=\"false\">GDPR-meg\u00e1llapod\u00e1s <span class=\"wpforms-required-label\" aria-hidden=\"true\">*<\/span><\/label><ul id=\"wpforms-10-field_4\" class=\"wpforms-field-required\"><li class=\"choice-1\"><input type=\"checkbox\" id=\"wpforms-10-field_4_1\" name=\"wpforms[fields][4][]\" value=\"Hozz\u00e1j\u00e1rulok ahhoz, hogy ez a weboldal t\u00e1rolja a megadott adataimat, hogy v\u00e1laszolni tudjanak a megkeres\u00e9semre.\" aria-errormessage=\"wpforms-10-field_4_1-error\" required ><label class=\"wpforms-field-label-inline\" for=\"wpforms-10-field_4_1\">Hozz\u00e1j\u00e1rulok ahhoz, hogy ez a weboldal t\u00e1rolja a megadott adataimat, hogy v\u00e1laszolni tudjanak a megkeres\u00e9semre. <span class=\"wpforms-required-label\" aria-hidden=\"true\">*<\/span><\/label><\/li><\/ul><\/div><\/div><!-- .wpforms-field-container --><div class=\"wpforms-recaptcha-container wpforms-is-recaptcha wpforms-is-recaptcha-type-invisible\" ><div class=\"g-recaptcha\" data-sitekey=\"6LcRAz0oAAAAAMsJ_cRLGqaimIqvqcy-mgZ5D-C6\" data-size=\"invisible\"><\/div><\/div><div class=\"wpforms-submit-container\" ><input type=\"hidden\" name=\"wpforms[id]\" value=\"10\"><input type=\"hidden\" name=\"page_title\" value=\"\"><input type=\"hidden\" name=\"page_url\" value=\"https:\/\/webesti.com\/hu\/wp-json\/wp\/v2\/pages\/8325\"><input type=\"hidden\" name=\"url_referer\" value=\"\"><button type=\"submit\" name=\"wpforms[submit]\" id=\"wpforms-submit-10\" class=\"wpforms-submit\" data-alt-text=\"Elk\u00fcld\u00f6m...\" data-submit-text=\"\u00dczenet k\u00fcld\u00e9se\" aria-live=\"assertive\" value=\"wpforms-submit\">\u00dczenet k\u00fcld\u00e9se<\/button><\/div><\/form><\/div>  <!-- .wpforms-container -->\t\t\t\t<\/div>\n\t\t\t\t<\/div>\n\t\t\t\t<\/div>\n\t\t<div class=\"elementor-element elementor-element-ba7de26 e-con-full e-flex e-con e-child\" data-id=\"ba7de26\" data-element_type=\"container\" data-e-type=\"container\" data-settings=\"{&quot;background_background&quot;:&quot;classic&quot;}\">\n\t\t<div class=\"elementor-element elementor-element-0a6a435 e-flex e-con-boxed e-con e-child\" data-id=\"0a6a435\" data-element_type=\"container\" data-e-type=\"container\" data-settings=\"{&quot;background_background&quot;:&quot;gradient&quot;}\">\n\t\t\t\t\t<div class=\"e-con-inner\">\n\t\t\t\t<div class=\"elementor-element elementor-element-cf508b7 elementor-widget elementor-widget-heading\" data-id=\"cf508b7\" data-element_type=\"widget\" data-e-type=\"widget\" data-widget_type=\"heading.default\">\n\t\t\t\t<div class=\"elementor-widget-container\">\n\t\t\t\t\t<h2 class=\"elementor-heading-title elementor-size-default\">H\u00edv\u00e1s \u00fctemez\u00e9se<\/h2>\t\t\t\t<\/div>\n\t\t\t\t<\/div>\n\t\t\t\t\t<\/div>\n\t\t\t\t<\/div>\n\t\t\t\t<div class=\"elementor-element elementor-element-22df465 elementor-widget elementor-widget-shortcode\" data-id=\"22df465\" data-element_type=\"widget\" data-e-type=\"widget\" data-widget_type=\"shortcode.default\">\n\t\t\t\t<div class=\"elementor-widget-container\">\n\t\t\t\t\t\t\t<div class=\"elementor-shortcode\"><!-- Calendly inline widget begin -->\n<div class=\"calendly-inline-widget\" data-url=\"https:\/\/calendly.com\/webesti\/30min?hide_event_type_details=1&amp;hide_gdpr_banner=1&amp;primary_color=fd8a05\" style=\"min-width:320px;height:700px;\"><\/div>\n<script type=\"text\/javascript\" src=\"https:\/\/assets.calendly.com\/assets\/external\/widget.js\" async=\"\"><\/script>\n<!-- Calendly inline widget end --><\/div>\n\t\t\t\t\t\t<\/div>\n\t\t\t\t<\/div>\n\t\t\t\t<\/div>\n\t\t\t\t<\/div>\n\t\t\t\t\t<\/div>\n\t\t\t\t<\/div>\n\t\t<div class=\"elementor-element elementor-element-18419979 e-flex e-con-boxed e-con e-parent\" data-id=\"18419979\" data-element_type=\"container\" data-e-type=\"container\" data-settings=\"{&quot;background_background&quot;:&quot;gradient&quot;}\">\n\t\t\t\t\t<div class=\"e-con-inner\">\n\t\t\t\t<div class=\"elementor-element elementor-element-395deb8a elementor-widget elementor-widget-heading\" data-id=\"395deb8a\" data-element_type=\"widget\" data-e-type=\"widget\" data-widget_type=\"heading.default\">\n\t\t\t\t<div class=\"elementor-widget-container\">\n\t\t\t\t\t<span class=\"elementor-heading-title elementor-size-default\">Mutassa be szolg\u00e1ltat\u00e1sait 24 \/ 7 - B\u0151v\u00edtse \u00fcgyf\u00e9lk\u00f6r\u00e9t - \u00c9p\u00edtsen bizalmat - \u00c9rt\u00e9kes\u00edtse szolg\u00e1ltat\u00e1sait \u00e9s term\u00e9keit - Cs\u00f6kkentse a jutal\u00e9kokat<\/span>\t\t\t\t<\/div>\n\t\t\t\t<\/div>\n\t\t\t\t\t<\/div>\n\t\t\t\t<\/div>\n\t\t\t\t<\/div>\n\t\t","protected":false},"excerpt":{"rendered":"<p>Dolgozzunk egy\u00fctt! Home Szolg\u00e1ltat\u00e1sok L\u00e9pjen kapcsolatba velem B\u00e1rmilyen k\u00e9rd\u00e9ssel forduljon hozz\u00e1nk. Ha eljutott\u00e1l erre a weboldalra, az azt jelenti, hogy \u00fagy gondolsz r\u00e1m, mint potenci\u00e1lis webdesignerre, webfejleszt\u0151re. Ha ez \u00edgy van, hurr\u00e1! Biztos vagyok benne, hogy az \u00d6n v\u00e1llalkoz\u00e1s\u00e1t is vir\u00e1gz\u00e1snak ind\u00edtjuk. Nyugodtan k\u00fcldj\u00f6n nekem \u00fczenetet a kapcsolatfelv\u00e9teli \u0171rlapon kereszt\u00fcl, vagy k\u00f6zvetlen\u00fcl \u00fctemezzen velem egy [&hellip;]<\/p>\n","protected":false},"author":4,"featured_media":6438,"parent":0,"menu_order":0,"comment_status":"closed","ping_status":"closed","template":"","meta":{"iawp_total_views":15,"footnotes":""},"class_list":["post-8325","page","type-page","status-publish","has-post-thumbnail","hentry"],"yoast_head":"<!-- This site is optimized with the Yoast SEO plugin v27.3 - https:\/\/yoast.com\/product\/yoast-seo-wordpress\/ -->\n<title>L\u00e9pjen kapcsolatba egy szabad\u00fasz\u00f3 webdesignerrel \u00e9s WordPress fejleszt\u0151vel | Webesti%<\/title>\n<meta name=\"description\" content=\"Webdesignert keres weboldal\u00e1nak l\u00e9trehoz\u00e1s\u00e1hoz vagy jav\u00edt\u00e1s\u00e1hoz? Akkor a legjobb helyen j\u00e1r. Besz\u00e9lj\u00fcnk!\" \/>\n<meta name=\"robots\" content=\"index, follow, max-snippet:-1, max-image-preview:large, max-video-preview:-1\" \/>\n<link rel=\"canonical\" href=\"https:\/\/webesti.com\/hu\/contact\/\" \/>\n<meta property=\"og:locale\" content=\"hu_HU\" \/>\n<meta property=\"og:type\" content=\"article\" \/>\n<meta property=\"og:title\" content=\"L\u00e9pjen kapcsolatba egy szabad\u00fasz\u00f3 webdesignerrel \u00e9s WordPress fejleszt\u0151vel | Webesti%\" \/>\n<meta property=\"og:description\" content=\"Webdesignert keres weboldal\u00e1nak l\u00e9trehoz\u00e1s\u00e1hoz vagy jav\u00edt\u00e1s\u00e1hoz? Akkor a legjobb helyen j\u00e1r. Besz\u00e9lj\u00fcnk!\" \/>\n<meta property=\"og:url\" content=\"https:\/\/webesti.com\/hu\/contact\/\" \/>\n<meta property=\"og:site_name\" content=\"Webesti\" \/>\n<meta property=\"article:modified_time\" content=\"2026-01-02T17:45:35+00:00\" \/>\n<meta property=\"og:image\" content=\"https:\/\/webesti.com\/wp-content\/uploads\/2024\/03\/social_profile.jpg\" \/>\n\t<meta property=\"og:image:width\" content=\"1200\" \/>\n\t<meta property=\"og:image:height\" content=\"675\" \/>\n\t<meta property=\"og:image:type\" content=\"image\/jpeg\" \/>\n<meta name=\"twitter:card\" content=\"summary_large_image\" \/>\n<meta name=\"twitter:label1\" content=\"Becs\u00fclt olvas\u00e1si id\u0151\" \/>\n\t<meta name=\"twitter:data1\" content=\"1 perc\" \/>\n<script type=\"application\/ld+json\" class=\"yoast-schema-graph\">{\"@context\":\"https:\\\/\\\/schema.org\",\"@graph\":[{\"@type\":\"WebPage\",\"@id\":\"https:\\\/\\\/webesti.com\\\/hu\\\/contact\\\/\",\"url\":\"https:\\\/\\\/webesti.com\\\/hu\\\/contact\\\/\",\"name\":\"L\u00e9pjen kapcsolatba egy szabad\u00fasz\u00f3 webdesignerrel \u00e9s WordPress fejleszt\u0151vel | Webesti%\",\"isPartOf\":{\"@id\":\"https:\\\/\\\/webesti.com\\\/hu\\\/#website\"},\"primaryImageOfPage\":{\"@id\":\"https:\\\/\\\/webesti.com\\\/hu\\\/contact\\\/#primaryimage\"},\"image\":{\"@id\":\"https:\\\/\\\/webesti.com\\\/hu\\\/contact\\\/#primaryimage\"},\"thumbnailUrl\":\"https:\\\/\\\/webesti.com\\\/wp-content\\\/uploads\\\/2024\\\/03\\\/social_profile.jpg\",\"datePublished\":\"2021-02-02T08:22:14+00:00\",\"dateModified\":\"2026-01-02T17:45:35+00:00\",\"description\":\"Webdesignert keres weboldal\u00e1nak l\u00e9trehoz\u00e1s\u00e1hoz vagy jav\u00edt\u00e1s\u00e1hoz? Akkor a legjobb helyen j\u00e1r. Besz\u00e9lj\u00fcnk!\",\"breadcrumb\":{\"@id\":\"https:\\\/\\\/webesti.com\\\/hu\\\/contact\\\/#breadcrumb\"},\"inLanguage\":\"hu\",\"potentialAction\":[{\"@type\":\"ReadAction\",\"target\":[\"https:\\\/\\\/webesti.com\\\/hu\\\/contact\\\/\"]}]},{\"@type\":\"ImageObject\",\"inLanguage\":\"hu\",\"@id\":\"https:\\\/\\\/webesti.com\\\/hu\\\/contact\\\/#primaryimage\",\"url\":\"https:\\\/\\\/webesti.com\\\/wp-content\\\/uploads\\\/2024\\\/03\\\/social_profile.jpg\",\"contentUrl\":\"https:\\\/\\\/webesti.com\\\/wp-content\\\/uploads\\\/2024\\\/03\\\/social_profile.jpg\",\"width\":1200,\"height\":675,\"caption\":\"Eszter Kiss - Webesti profile image\"},{\"@type\":\"BreadcrumbList\",\"@id\":\"https:\\\/\\\/webesti.com\\\/hu\\\/contact\\\/#breadcrumb\",\"itemListElement\":[{\"@type\":\"ListItem\",\"position\":1,\"name\":\"Home\",\"item\":\"https:\\\/\\\/webesti.com\\\/hu\\\/home\\\/\"},{\"@type\":\"ListItem\",\"position\":2,\"name\":\"Kapcsolat\"}]},{\"@type\":\"WebSite\",\"@id\":\"https:\\\/\\\/webesti.com\\\/hu\\\/#website\",\"url\":\"https:\\\/\\\/webesti.com\\\/hu\\\/\",\"name\":\"Webesti\",\"description\":\"Weboldal tervez\u00e9s \u00e9s fejleszt\u00e9s\",\"publisher\":{\"@id\":\"https:\\\/\\\/webesti.com\\\/hu\\\/#\\\/schema\\\/person\\\/057aef682a457c3d1d9183c3e05a3b16\"},\"potentialAction\":[{\"@type\":\"SearchAction\",\"target\":{\"@type\":\"EntryPoint\",\"urlTemplate\":\"https:\\\/\\\/webesti.com\\\/hu\\\/?s={search_term_string}\"},\"query-input\":{\"@type\":\"PropertyValueSpecification\",\"valueRequired\":true,\"valueName\":\"search_term_string\"}}],\"inLanguage\":\"hu\"},{\"@type\":[\"Person\",\"Organization\"],\"@id\":\"https:\\\/\\\/webesti.com\\\/hu\\\/#\\\/schema\\\/person\\\/057aef682a457c3d1d9183c3e05a3b16\",\"name\":\"Eszter Kiss\",\"image\":{\"@type\":\"ImageObject\",\"inLanguage\":\"hu\",\"@id\":\"https:\\\/\\\/webesti.com\\\/wp-content\\\/uploads\\\/2024\\\/03\\\/Insta_profile.png\",\"url\":\"https:\\\/\\\/webesti.com\\\/wp-content\\\/uploads\\\/2024\\\/03\\\/Insta_profile.png\",\"contentUrl\":\"https:\\\/\\\/webesti.com\\\/wp-content\\\/uploads\\\/2024\\\/03\\\/Insta_profile.png\",\"width\":904,\"height\":1280,\"caption\":\"Eszter Kiss\"},\"logo\":{\"@id\":\"https:\\\/\\\/webesti.com\\\/wp-content\\\/uploads\\\/2024\\\/03\\\/Insta_profile.png\"}}]}<\/script>\n<!-- \/ Yoast SEO plugin. -->","yoast_head_json":{"title":"L\u00e9pjen kapcsolatba egy szabad\u00fasz\u00f3 webdesignerrel \u00e9s WordPress fejleszt\u0151vel | Webesti%","description":"Webdesignert keres weboldal\u00e1nak l\u00e9trehoz\u00e1s\u00e1hoz vagy jav\u00edt\u00e1s\u00e1hoz? Akkor a legjobb helyen j\u00e1r. Besz\u00e9lj\u00fcnk!","robots":{"index":"index","follow":"follow","max-snippet":"max-snippet:-1","max-image-preview":"max-image-preview:large","max-video-preview":"max-video-preview:-1"},"canonical":"https:\/\/webesti.com\/hu\/contact\/","og_locale":"hu_HU","og_type":"article","og_title":"L\u00e9pjen kapcsolatba egy szabad\u00fasz\u00f3 webdesignerrel \u00e9s WordPress fejleszt\u0151vel | Webesti%","og_description":"Webdesignert keres weboldal\u00e1nak l\u00e9trehoz\u00e1s\u00e1hoz vagy jav\u00edt\u00e1s\u00e1hoz? Akkor a legjobb helyen j\u00e1r. Besz\u00e9lj\u00fcnk!","og_url":"https:\/\/webesti.com\/hu\/contact\/","og_site_name":"Webesti","article_modified_time":"2026-01-02T17:45:35+00:00","og_image":[{"width":1200,"height":675,"url":"https:\/\/webesti.com\/wp-content\/uploads\/2024\/03\/social_profile.jpg","type":"image\/jpeg"}],"twitter_card":"summary_large_image","twitter_misc":{"Becs\u00fclt olvas\u00e1si id\u0151":"1 perc"},"schema":{"@context":"https:\/\/schema.org","@graph":[{"@type":"WebPage","@id":"https:\/\/webesti.com\/hu\/contact\/","url":"https:\/\/webesti.com\/hu\/contact\/","name":"L\u00e9pjen kapcsolatba egy szabad\u00fasz\u00f3 webdesignerrel \u00e9s WordPress fejleszt\u0151vel | Webesti%","isPartOf":{"@id":"https:\/\/webesti.com\/hu\/#website"},"primaryImageOfPage":{"@id":"https:\/\/webesti.com\/hu\/contact\/#primaryimage"},"image":{"@id":"https:\/\/webesti.com\/hu\/contact\/#primaryimage"},"thumbnailUrl":"https:\/\/webesti.com\/wp-content\/uploads\/2024\/03\/social_profile.jpg","datePublished":"2021-02-02T08:22:14+00:00","dateModified":"2026-01-02T17:45:35+00:00","description":"Webdesignert keres weboldal\u00e1nak l\u00e9trehoz\u00e1s\u00e1hoz vagy jav\u00edt\u00e1s\u00e1hoz? Akkor a legjobb helyen j\u00e1r. Besz\u00e9lj\u00fcnk!","breadcrumb":{"@id":"https:\/\/webesti.com\/hu\/contact\/#breadcrumb"},"inLanguage":"hu","potentialAction":[{"@type":"ReadAction","target":["https:\/\/webesti.com\/hu\/contact\/"]}]},{"@type":"ImageObject","inLanguage":"hu","@id":"https:\/\/webesti.com\/hu\/contact\/#primaryimage","url":"https:\/\/webesti.com\/wp-content\/uploads\/2024\/03\/social_profile.jpg","contentUrl":"https:\/\/webesti.com\/wp-content\/uploads\/2024\/03\/social_profile.jpg","width":1200,"height":675,"caption":"Eszter Kiss - Webesti profile image"},{"@type":"BreadcrumbList","@id":"https:\/\/webesti.com\/hu\/contact\/#breadcrumb","itemListElement":[{"@type":"ListItem","position":1,"name":"Home","item":"https:\/\/webesti.com\/hu\/home\/"},{"@type":"ListItem","position":2,"name":"Kapcsolat"}]},{"@type":"WebSite","@id":"https:\/\/webesti.com\/hu\/#website","url":"https:\/\/webesti.com\/hu\/","name":"Webesti","description":"Weboldal tervez\u00e9s \u00e9s fejleszt\u00e9s","publisher":{"@id":"https:\/\/webesti.com\/hu\/#\/schema\/person\/057aef682a457c3d1d9183c3e05a3b16"},"potentialAction":[{"@type":"SearchAction","target":{"@type":"EntryPoint","urlTemplate":"https:\/\/webesti.com\/hu\/?s={search_term_string}"},"query-input":{"@type":"PropertyValueSpecification","valueRequired":true,"valueName":"search_term_string"}}],"inLanguage":"hu"},{"@type":["Person","Organization"],"@id":"https:\/\/webesti.com\/hu\/#\/schema\/person\/057aef682a457c3d1d9183c3e05a3b16","name":"Eszter Kiss","image":{"@type":"ImageObject","inLanguage":"hu","@id":"https:\/\/webesti.com\/wp-content\/uploads\/2024\/03\/Insta_profile.png","url":"https:\/\/webesti.com\/wp-content\/uploads\/2024\/03\/Insta_profile.png","contentUrl":"https:\/\/webesti.com\/wp-content\/uploads\/2024\/03\/Insta_profile.png","width":904,"height":1280,"caption":"Eszter Kiss"},"logo":{"@id":"https:\/\/webesti.com\/wp-content\/uploads\/2024\/03\/Insta_profile.png"}}]}},"_links":{"self":[{"href":"https:\/\/webesti.com\/hu\/wp-json\/wp\/v2\/pages\/8325","targetHints":{"allow":["GET"]}}],"collection":[{"href":"https:\/\/webesti.com\/hu\/wp-json\/wp\/v2\/pages"}],"about":[{"href":"https:\/\/webesti.com\/hu\/wp-json\/wp\/v2\/types\/page"}],"author":[{"embeddable":true,"href":"https:\/\/webesti.com\/hu\/wp-json\/wp\/v2\/users\/4"}],"replies":[{"embeddable":true,"href":"https:\/\/webesti.com\/hu\/wp-json\/wp\/v2\/comments?post=8325"}],"version-history":[{"count":4,"href":"https:\/\/webesti.com\/hu\/wp-json\/wp\/v2\/pages\/8325\/revisions"}],"predecessor-version":[{"id":8341,"href":"https:\/\/webesti.com\/hu\/wp-json\/wp\/v2\/pages\/8325\/revisions\/8341"}],"wp:featuredmedia":[{"embeddable":true,"href":"https:\/\/webesti.com\/hu\/wp-json\/wp\/v2\/media\/6438"}],"wp:attachment":[{"href":"https:\/\/webesti.com\/hu\/wp-json\/wp\/v2\/media?parent=8325"}],"curies":[{"name":"wp","href":"https:\/\/api.w.org\/{rel}","templated":true}]}}