{"id":6663,"date":"2022-05-17T14:25:40","date_gmt":"2022-05-17T14:25:40","guid":{"rendered":"https:\/\/webesti.com\/politica-de-privacidad\/"},"modified":"2026-01-02T17:45:36","modified_gmt":"2026-01-02T17:45:36","slug":"politica-de-privacidad","status":"publish","type":"page","link":"https:\/\/webesti.com\/es\/politica-de-privacidad\/","title":{"rendered":"Pol\u00edtica de Privacidad"},"content":{"rendered":"\t\t<div data-elementor-type=\"wp-page\" data-elementor-id=\"6663\" class=\"elementor elementor-6663 elementor-3\" data-elementor-post-type=\"page\">\n\t\t\t\t<div class=\"elementor-element elementor-element-64858c57 e-flex e-con-boxed e-con e-parent\" data-id=\"64858c57\" data-element_type=\"container\" data-e-type=\"container\" data-settings=\"{&quot;background_background&quot;:&quot;gradient&quot;}\">\n\t\t\t\t\t<div class=\"e-con-inner\">\n\t\t<div class=\"elementor-element elementor-element-ccb3ed4 e-con-full e-flex elementor-invisible e-con e-child\" data-id=\"ccb3ed4\" data-element_type=\"container\" data-e-type=\"container\" data-settings=\"{&quot;animation&quot;:&quot;slideInLeft&quot;}\">\n\t\t\t\t<div class=\"elementor-element elementor-element-4fe10aa9 elementor-widget elementor-widget-heading\" data-id=\"4fe10aa9\" data-element_type=\"widget\" data-e-type=\"widget\" data-widget_type=\"heading.default\">\n\t\t\t\t<div class=\"elementor-widget-container\">\n\t\t\t\t\t<h1 class=\"elementor-heading-title elementor-size-default\">Pol\u00edtica de Privacidad<\/h1>\t\t\t\t<\/div>\n\t\t\t\t<\/div>\n\t\t<div class=\"elementor-element elementor-element-3cda4544 e-flex e-con-boxed e-con e-child\" data-id=\"3cda4544\" data-element_type=\"container\" data-e-type=\"container\">\n\t\t\t\t\t<div class=\"e-con-inner\">\n\t\t\t\t<div class=\"elementor-element elementor-element-63fdefee elementor-widget__width-auto elementor-widget elementor-widget-button\" data-id=\"63fdefee\" data-element_type=\"widget\" data-e-type=\"widget\" data-widget_type=\"button.default\">\n\t\t\t\t<div class=\"elementor-widget-container\">\n\t\t\t\t\t\t\t\t\t<div class=\"elementor-button-wrapper\">\n\t\t\t\t\t<a class=\"elementor-button elementor-button-link elementor-size-sm\" href=\"https:\/\/webesti.com\/es\/\">\n\t\t\t\t\t\t<span class=\"elementor-button-content-wrapper\">\n\t\t\t\t\t\t\t\t\t<span class=\"elementor-button-text\">Inicio<\/span>\n\t\t\t\t\t<\/span>\n\t\t\t\t\t<\/a>\n\t\t\t\t<\/div>\n\t\t\t\t\t\t\t\t<\/div>\n\t\t\t\t<\/div>\n\t\t\t\t<div class=\"elementor-element elementor-element-4535e8d elementor-widget__width-auto elementor-widget elementor-widget-button\" data-id=\"4535e8d\" data-element_type=\"widget\" data-e-type=\"widget\" data-widget_type=\"button.default\">\n\t\t\t\t<div class=\"elementor-widget-container\">\n\t\t\t\t\t\t\t\t\t<div class=\"elementor-button-wrapper\">\n\t\t\t\t\t<a class=\"elementor-button elementor-button-link elementor-size-sm\" href=\"https:\/\/webesti.com\/es\/contacto\/\">\n\t\t\t\t\t\t<span class=\"elementor-button-content-wrapper\">\n\t\t\t\t\t\t\t\t\t<span class=\"elementor-button-text\">Contacto<\/span>\n\t\t\t\t\t<\/span>\n\t\t\t\t\t<\/a>\n\t\t\t\t<\/div>\n\t\t\t\t\t\t\t\t<\/div>\n\t\t\t\t<\/div>\n\t\t\t\t\t<\/div>\n\t\t\t\t<\/div>\n\t\t\t\t<\/div>\n\t\t<div class=\"elementor-element elementor-element-3a0159b0 e-con-full e-flex elementor-invisible e-con e-child\" data-id=\"3a0159b0\" data-element_type=\"container\" data-e-type=\"container\" data-settings=\"{&quot;background_background&quot;:&quot;classic&quot;,&quot;animation&quot;:&quot;slideInRight&quot;}\">\n\t\t\t\t<div class=\"elementor-element elementor-element-658f6d45 elementor-widget elementor-widget-image\" data-id=\"658f6d45\" data-element_type=\"widget\" data-e-type=\"widget\" data-settings=\"{&quot;_animation&quot;:&quot;none&quot;,&quot;_animation_delay&quot;:300}\" data-widget_type=\"image.default\">\n\t\t\t\t<div class=\"elementor-widget-container\">\n\t\t\t\t\t\t\t\t\t\t\t\t\t\t\t<img fetchpriority=\"high\" decoding=\"async\" width=\"800\" height=\"655\" src=\"https:\/\/webesti.com\/wp-content\/uploads\/2024\/03\/fish_xl1920-x-1200-px-1024x839.png\" class=\"attachment-large size-large wp-image-5992\" alt=\"orange clown fish in between bubbles coming out of a laptop screen\" srcset=\"https:\/\/webesti.com\/wp-content\/uploads\/2024\/03\/fish_xl1920-x-1200-px-1024x839.png 1024w, https:\/\/webesti.com\/wp-content\/uploads\/2024\/03\/fish_xl1920-x-1200-px-300x246.png 300w, https:\/\/webesti.com\/wp-content\/uploads\/2024\/03\/fish_xl1920-x-1200-px-768x629.png 768w, https:\/\/webesti.com\/wp-content\/uploads\/2024\/03\/fish_xl1920-x-1200-px.png 1492w\" sizes=\"(max-width: 800px) 100vw, 800px\" \/>\t\t\t\t\t\t\t\t\t\t\t\t\t\t\t<\/div>\n\t\t\t\t<\/div>\n\t\t\t\t<\/div>\n\t\t\t\t\t<\/div>\n\t\t\t\t<\/div>\n\t\t<div class=\"elementor-element elementor-element-65f88d5 e-flex e-con-boxed e-con e-parent\" data-id=\"65f88d5\" data-element_type=\"container\" data-e-type=\"container\">\n\t\t\t\t\t<div class=\"e-con-inner\">\n\t\t<div class=\"elementor-element elementor-element-724d444 e-con-full e-flex e-con e-child\" data-id=\"724d444\" data-element_type=\"container\" data-e-type=\"container\">\n\t\t\t\t<div class=\"elementor-element elementor-element-afc38d7 elementor-widget elementor-widget-text-editor\" data-id=\"afc38d7\" data-element_type=\"widget\" data-e-type=\"widget\" data-widget_type=\"text-editor.default\">\n\t\t\t\t<div class=\"elementor-widget-container\">\n\t\t\t\t\t\t\t\t\t\n<p>La pol\u00edtica de este sitio web es respetar tu privacidad en relaci\u00f3n con cualquier informaci\u00f3n que pueda recopilar mientras gestiono mi sitio web. Esta Pol\u00edtica de privacidad se aplica a https:\/\/webesti.com (en adelante, \u00abyo\u00bb, \u00abm\u00ed\u00bb o \u00abhttps:\/\/webesti.com\u00bb). Respeto tu privacidad y me comprometo a proteger la informaci\u00f3n personal identificable que puedas proporcionarme a trav\u00e9s del Sitio web. He adoptado esta pol\u00edtica de privacidad (\u00abPol\u00edtica de privacidad\u00bb) para explicar qu\u00e9 informaci\u00f3n puede recopilarse en mi Sitio web, c\u00f3mo utilizo esta informaci\u00f3n y en qu\u00e9 circunstancias puedo revelar la informaci\u00f3n a terceros. Esta Pol\u00edtica de Privacidad s\u00f3lo se aplica a la informaci\u00f3n que recojo a trav\u00e9s del Sitio Web y no se aplica a nuestra recogida de informaci\u00f3n de otras fuentes.  <\/p>\n\n\n\n<p>Esta Pol\u00edtica de Privacidad establece las normas y pol\u00edticas generales que rigen el uso de mi Sitio Web.<\/p>\n\n\n\n<h2 class=\"wp-block-heading has-medium-font-size\">Cookies e informaci\u00f3n que proporcionas<\/h2>\n\n\n\n<p>A trav\u00e9s de mi sitio web s\u00f3lo se recoge un m\u00ednimo de datos. No obstante, este sitio web utiliza Google Analytics, un servicio que transmite los datos de tr\u00e1fico del sitio web a los servidores de Google en Estados Unidos. Google Analytics no identifica a usuarios individuales ni asocia tu direcci\u00f3n IP con ning\u00fan otro dato del que disponga Google. Utilizo los informes proporcionados por Google Analytics para comprender el tr\u00e1fico de mi sitio web e identificar formas de mejorar la experiencia del usuario. Si no deseas que se te incluya en los datos de Google Analytics, puedes excluirte mediante un sencillo <a href=\"https:\/\/tools.google.com\/dlpage\/gaoptout?hl=en\" target=\"_blank\" rel=\"noopener\" title=\"complemento del navegador\">complemento del navegador.<\/a><\/p>\n\n\n\n<h2 class=\"wp-block-heading has-medium-font-size\">Cambios en la pol\u00edtica de privacidad<\/h2>\n\n\n\n<p>Aunque es probable que la mayor\u00eda de los cambios sean menores, este sitio puede cambiar su Pol\u00edtica de Privacidad de vez en cuando, y a mi entera discreci\u00f3n. Recomiendo a los visitantes que consulten con frecuencia esta p\u00e1gina para comprobar si se han producido cambios en la Pol\u00edtica de Privacidad. Tu uso continuado de este sitio despu\u00e9s de cualquier cambio en esta Pol\u00edtica de Privacidad constituir\u00e1 tu aceptaci\u00f3n de dicho cambio.  <\/p>\n\n\n\n<h2 class=\"wp-block-heading has-medium-font-size\">Cont\u00e1cteme!<\/h2>\n\n\n\n<p>Si tienes alguna pregunta sobre esta Pol\u00edtica de Privacidad, puedes ponerte en contacto conmigo en eszter@webesti.com<\/p>\n\t\t\t\t\t\t\t\t<\/div>\n\t\t\t\t<\/div>\n\t\t\t\t<\/div>\n\t\t\t\t\t<\/div>\n\t\t\t\t<\/div>\n\t\t<div class=\"elementor-element elementor-element-71c8a80f e-flex e-con-boxed e-con e-parent\" data-id=\"71c8a80f\" data-element_type=\"container\" data-e-type=\"container\" data-settings=\"{&quot;background_background&quot;:&quot;gradient&quot;}\">\n\t\t\t\t\t<div class=\"e-con-inner\">\n\t\t\t\t<div class=\"elementor-element elementor-element-5dcf4f4b elementor-widget elementor-widget-button\" data-id=\"5dcf4f4b\" data-element_type=\"widget\" data-e-type=\"widget\" data-widget_type=\"button.default\">\n\t\t\t\t<div class=\"elementor-widget-container\">\n\t\t\t\t\t\t\t\t\t<div class=\"elementor-button-wrapper\">\n\t\t\t\t\t<a class=\"elementor-button elementor-button-link elementor-size-sm\" href=\"https:\/\/webesti.com\/es\/contacto\/\">\n\t\t\t\t\t\t<span class=\"elementor-button-content-wrapper\">\n\t\t\t\t\t\t<span class=\"elementor-button-icon\">\n\t\t\t\t<svg aria-hidden=\"true\" class=\"e-font-icon-svg e-fas-long-arrow-alt-right\" viewBox=\"0 0 448 512\" xmlns=\"http:\/\/www.w3.org\/2000\/svg\"><path d=\"M313.941 216H12c-6.627 0-12 5.373-12 12v56c0 6.627 5.373 12 12 12h301.941v46.059c0 21.382 25.851 32.09 40.971 16.971l86.059-86.059c9.373-9.373 9.373-24.569 0-33.941l-86.059-86.059c-15.119-15.119-40.971-4.411-40.971 16.971V216z\"><\/path><\/svg>\t\t\t<\/span>\n\t\t\t\t\t\t\t\t\t<span class=\"elementor-button-text\">CONT\u00c1CTAME<\/span>\n\t\t\t\t\t<\/span>\n\t\t\t\t\t<\/a>\n\t\t\t\t<\/div>\n\t\t\t\t\t\t\t\t<\/div>\n\t\t\t\t<\/div>\n\t\t\t\t\t<\/div>\n\t\t\t\t<\/div>\n\t\t<div class=\"elementor-element elementor-element-edf35fb e-grid e-con-boxed e-con e-parent\" data-id=\"edf35fb\" data-element_type=\"container\" data-e-type=\"container\">\n\t\t\t\t\t<div class=\"e-con-inner\">\n\t\t\t\t\t<\/div>\n\t\t\t\t<\/div>\n\t\t\t\t<\/div>\n\t\t","protected":false},"excerpt":{"rendered":"<p>Pol\u00edtica de Privacidad Inicio Contacto La pol\u00edtica de este sitio web es respetar tu privacidad en relaci\u00f3n con cualquier informaci\u00f3n que pueda recopilar mientras gestiono mi sitio web. Esta Pol\u00edtica de privacidad se aplica a https:\/\/webesti.com (en adelante, \u00abyo\u00bb, \u00abm\u00ed\u00bb o \u00abhttps:\/\/webesti.com\u00bb). Respeto tu privacidad y me comprometo a proteger la informaci\u00f3n personal identificable que [&hellip;]<\/p>\n","protected":false},"author":4,"featured_media":6439,"parent":0,"menu_order":0,"comment_status":"closed","ping_status":"closed","template":"","meta":{"iawp_total_views":2,"footnotes":""},"class_list":["post-6663","page","type-page","status-publish","has-post-thumbnail","hentry"],"yoast_head":"<!-- This site is optimized with the Yoast SEO plugin v27.4 - https:\/\/yoast.com\/product\/yoast-seo-wordpress\/ -->\n<title>Pol\u00edtica de Privacidad - Compromiso con tu privacidad | Webesti<\/title>\n<meta name=\"description\" content=\"Conoce nuestro compromiso de proteger tu privacidad. La Pol\u00edtica de privacidad explica c\u00f3mo recopilamos, utilizamos y protegemos tu informaci\u00f3n personal.\" \/>\n<meta name=\"robots\" content=\"index, follow, max-snippet:-1, max-image-preview:large, max-video-preview:-1\" \/>\n<link rel=\"canonical\" href=\"https:\/\/webesti.com\/es\/politica-de-privacidad\/\" \/>\n<meta property=\"og:locale\" content=\"es_ES\" \/>\n<meta property=\"og:type\" content=\"article\" \/>\n<meta property=\"og:title\" content=\"Pol\u00edtica de Privacidad - Compromiso con tu privacidad | Webesti\" \/>\n<meta property=\"og:description\" content=\"Conoce nuestro compromiso de proteger tu privacidad. La Pol\u00edtica de privacidad explica c\u00f3mo recopilamos, utilizamos y protegemos tu informaci\u00f3n personal.\" \/>\n<meta property=\"og:url\" content=\"https:\/\/webesti.com\/es\/politica-de-privacidad\/\" \/>\n<meta property=\"og:site_name\" content=\"Webesti\" \/>\n<meta property=\"article:modified_time\" content=\"2026-01-02T17:45:36+00:00\" \/>\n<meta property=\"og:image\" content=\"https:\/\/webesti.com\/wp-content\/uploads\/2024\/03\/social_profile.jpg\" \/>\n\t<meta property=\"og:image:width\" content=\"1200\" \/>\n\t<meta property=\"og:image:height\" content=\"675\" \/>\n\t<meta property=\"og:image:type\" content=\"image\/jpeg\" \/>\n<meta name=\"twitter:card\" content=\"summary_large_image\" \/>\n<meta name=\"twitter:label1\" content=\"Tiempo de lectura\" \/>\n\t<meta name=\"twitter:data1\" content=\"2 minutos\" \/>\n<script type=\"application\/ld+json\" class=\"yoast-schema-graph\">{\"@context\":\"https:\\\/\\\/schema.org\",\"@graph\":[{\"@type\":\"WebPage\",\"@id\":\"https:\\\/\\\/webesti.com\\\/es\\\/politica-de-privacidad\\\/\",\"url\":\"https:\\\/\\\/webesti.com\\\/es\\\/politica-de-privacidad\\\/\",\"name\":\"Pol\u00edtica de Privacidad - Compromiso con tu privacidad | Webesti\",\"isPartOf\":{\"@id\":\"https:\\\/\\\/webesti.com\\\/es\\\/#website\"},\"primaryImageOfPage\":{\"@id\":\"https:\\\/\\\/webesti.com\\\/es\\\/politica-de-privacidad\\\/#primaryimage\"},\"image\":{\"@id\":\"https:\\\/\\\/webesti.com\\\/es\\\/politica-de-privacidad\\\/#primaryimage\"},\"thumbnailUrl\":\"https:\\\/\\\/webesti.com\\\/wp-content\\\/uploads\\\/2024\\\/03\\\/social_profile.jpg\",\"datePublished\":\"2022-05-17T14:25:40+00:00\",\"dateModified\":\"2026-01-02T17:45:36+00:00\",\"description\":\"Conoce nuestro compromiso de proteger tu privacidad. La Pol\u00edtica de privacidad explica c\u00f3mo recopilamos, utilizamos y protegemos tu informaci\u00f3n personal.\",\"breadcrumb\":{\"@id\":\"https:\\\/\\\/webesti.com\\\/es\\\/politica-de-privacidad\\\/#breadcrumb\"},\"inLanguage\":\"es\",\"potentialAction\":[{\"@type\":\"ReadAction\",\"target\":[\"https:\\\/\\\/webesti.com\\\/es\\\/politica-de-privacidad\\\/\"]}]},{\"@type\":\"ImageObject\",\"inLanguage\":\"es\",\"@id\":\"https:\\\/\\\/webesti.com\\\/es\\\/politica-de-privacidad\\\/#primaryimage\",\"url\":\"https:\\\/\\\/webesti.com\\\/wp-content\\\/uploads\\\/2024\\\/03\\\/social_profile.jpg\",\"contentUrl\":\"https:\\\/\\\/webesti.com\\\/wp-content\\\/uploads\\\/2024\\\/03\\\/social_profile.jpg\",\"width\":1200,\"height\":675,\"caption\":\"Eszter Kiss - Imagen de perfil de Webesti\"},{\"@type\":\"BreadcrumbList\",\"@id\":\"https:\\\/\\\/webesti.com\\\/es\\\/politica-de-privacidad\\\/#breadcrumb\",\"itemListElement\":[{\"@type\":\"ListItem\",\"position\":1,\"name\":\"Inicio\",\"item\":\"https:\\\/\\\/webesti.com\\\/es\\\/\"},{\"@type\":\"ListItem\",\"position\":2,\"name\":\"Pol\u00edtica de Privacidad\"}]},{\"@type\":\"WebSite\",\"@id\":\"https:\\\/\\\/webesti.com\\\/es\\\/#website\",\"url\":\"https:\\\/\\\/webesti.com\\\/es\\\/\",\"name\":\"Webesti\",\"description\":\"Website Design &amp; Development\",\"publisher\":{\"@id\":\"https:\\\/\\\/webesti.com\\\/es\\\/#\\\/schema\\\/person\\\/057aef682a457c3d1d9183c3e05a3b16\"},\"potentialAction\":[{\"@type\":\"SearchAction\",\"target\":{\"@type\":\"EntryPoint\",\"urlTemplate\":\"https:\\\/\\\/webesti.com\\\/es\\\/?s={search_term_string}\"},\"query-input\":{\"@type\":\"PropertyValueSpecification\",\"valueRequired\":true,\"valueName\":\"search_term_string\"}}],\"inLanguage\":\"es\"},{\"@type\":[\"Person\",\"Organization\"],\"@id\":\"https:\\\/\\\/webesti.com\\\/es\\\/#\\\/schema\\\/person\\\/057aef682a457c3d1d9183c3e05a3b16\",\"name\":\"Eszter Kiss\",\"image\":{\"@type\":\"ImageObject\",\"inLanguage\":\"es\",\"@id\":\"https:\\\/\\\/webesti.com\\\/wp-content\\\/uploads\\\/2024\\\/03\\\/Insta_profile.png\",\"url\":\"https:\\\/\\\/webesti.com\\\/wp-content\\\/uploads\\\/2024\\\/03\\\/Insta_profile.png\",\"contentUrl\":\"https:\\\/\\\/webesti.com\\\/wp-content\\\/uploads\\\/2024\\\/03\\\/Insta_profile.png\",\"width\":904,\"height\":1280,\"caption\":\"Eszter Kiss\"},\"logo\":{\"@id\":\"https:\\\/\\\/webesti.com\\\/wp-content\\\/uploads\\\/2024\\\/03\\\/Insta_profile.png\"}}]}<\/script>\n<!-- \/ Yoast SEO plugin. -->","yoast_head_json":{"title":"Pol\u00edtica de Privacidad - Compromiso con tu privacidad | Webesti","description":"Conoce nuestro compromiso de proteger tu privacidad. La Pol\u00edtica de privacidad explica c\u00f3mo recopilamos, utilizamos y protegemos tu informaci\u00f3n personal.","robots":{"index":"index","follow":"follow","max-snippet":"max-snippet:-1","max-image-preview":"max-image-preview:large","max-video-preview":"max-video-preview:-1"},"canonical":"https:\/\/webesti.com\/es\/politica-de-privacidad\/","og_locale":"es_ES","og_type":"article","og_title":"Pol\u00edtica de Privacidad - Compromiso con tu privacidad | Webesti","og_description":"Conoce nuestro compromiso de proteger tu privacidad. La Pol\u00edtica de privacidad explica c\u00f3mo recopilamos, utilizamos y protegemos tu informaci\u00f3n personal.","og_url":"https:\/\/webesti.com\/es\/politica-de-privacidad\/","og_site_name":"Webesti","article_modified_time":"2026-01-02T17:45:36+00:00","og_image":[{"width":1200,"height":675,"url":"https:\/\/webesti.com\/wp-content\/uploads\/2024\/03\/social_profile.jpg","type":"image\/jpeg"}],"twitter_card":"summary_large_image","twitter_misc":{"Tiempo de lectura":"2 minutos"},"schema":{"@context":"https:\/\/schema.org","@graph":[{"@type":"WebPage","@id":"https:\/\/webesti.com\/es\/politica-de-privacidad\/","url":"https:\/\/webesti.com\/es\/politica-de-privacidad\/","name":"Pol\u00edtica de Privacidad - Compromiso con tu privacidad | Webesti","isPartOf":{"@id":"https:\/\/webesti.com\/es\/#website"},"primaryImageOfPage":{"@id":"https:\/\/webesti.com\/es\/politica-de-privacidad\/#primaryimage"},"image":{"@id":"https:\/\/webesti.com\/es\/politica-de-privacidad\/#primaryimage"},"thumbnailUrl":"https:\/\/webesti.com\/wp-content\/uploads\/2024\/03\/social_profile.jpg","datePublished":"2022-05-17T14:25:40+00:00","dateModified":"2026-01-02T17:45:36+00:00","description":"Conoce nuestro compromiso de proteger tu privacidad. La Pol\u00edtica de privacidad explica c\u00f3mo recopilamos, utilizamos y protegemos tu informaci\u00f3n personal.","breadcrumb":{"@id":"https:\/\/webesti.com\/es\/politica-de-privacidad\/#breadcrumb"},"inLanguage":"es","potentialAction":[{"@type":"ReadAction","target":["https:\/\/webesti.com\/es\/politica-de-privacidad\/"]}]},{"@type":"ImageObject","inLanguage":"es","@id":"https:\/\/webesti.com\/es\/politica-de-privacidad\/#primaryimage","url":"https:\/\/webesti.com\/wp-content\/uploads\/2024\/03\/social_profile.jpg","contentUrl":"https:\/\/webesti.com\/wp-content\/uploads\/2024\/03\/social_profile.jpg","width":1200,"height":675,"caption":"Eszter Kiss - Imagen de perfil de Webesti"},{"@type":"BreadcrumbList","@id":"https:\/\/webesti.com\/es\/politica-de-privacidad\/#breadcrumb","itemListElement":[{"@type":"ListItem","position":1,"name":"Inicio","item":"https:\/\/webesti.com\/es\/"},{"@type":"ListItem","position":2,"name":"Pol\u00edtica de Privacidad"}]},{"@type":"WebSite","@id":"https:\/\/webesti.com\/es\/#website","url":"https:\/\/webesti.com\/es\/","name":"Webesti","description":"Website Design &amp; Development","publisher":{"@id":"https:\/\/webesti.com\/es\/#\/schema\/person\/057aef682a457c3d1d9183c3e05a3b16"},"potentialAction":[{"@type":"SearchAction","target":{"@type":"EntryPoint","urlTemplate":"https:\/\/webesti.com\/es\/?s={search_term_string}"},"query-input":{"@type":"PropertyValueSpecification","valueRequired":true,"valueName":"search_term_string"}}],"inLanguage":"es"},{"@type":["Person","Organization"],"@id":"https:\/\/webesti.com\/es\/#\/schema\/person\/057aef682a457c3d1d9183c3e05a3b16","name":"Eszter Kiss","image":{"@type":"ImageObject","inLanguage":"es","@id":"https:\/\/webesti.com\/wp-content\/uploads\/2024\/03\/Insta_profile.png","url":"https:\/\/webesti.com\/wp-content\/uploads\/2024\/03\/Insta_profile.png","contentUrl":"https:\/\/webesti.com\/wp-content\/uploads\/2024\/03\/Insta_profile.png","width":904,"height":1280,"caption":"Eszter Kiss"},"logo":{"@id":"https:\/\/webesti.com\/wp-content\/uploads\/2024\/03\/Insta_profile.png"}}]}},"_links":{"self":[{"href":"https:\/\/webesti.com\/es\/wp-json\/wp\/v2\/pages\/6663","targetHints":{"allow":["GET"]}}],"collection":[{"href":"https:\/\/webesti.com\/es\/wp-json\/wp\/v2\/pages"}],"about":[{"href":"https:\/\/webesti.com\/es\/wp-json\/wp\/v2\/types\/page"}],"author":[{"embeddable":true,"href":"https:\/\/webesti.com\/es\/wp-json\/wp\/v2\/users\/4"}],"replies":[{"embeddable":true,"href":"https:\/\/webesti.com\/es\/wp-json\/wp\/v2\/comments?post=6663"}],"version-history":[{"count":2,"href":"https:\/\/webesti.com\/es\/wp-json\/wp\/v2\/pages\/6663\/revisions"}],"predecessor-version":[{"id":8342,"href":"https:\/\/webesti.com\/es\/wp-json\/wp\/v2\/pages\/6663\/revisions\/8342"}],"wp:featuredmedia":[{"embeddable":true,"href":"https:\/\/webesti.com\/es\/wp-json\/wp\/v2\/media\/6439"}],"wp:attachment":[{"href":"https:\/\/webesti.com\/es\/wp-json\/wp\/v2\/media?parent=6663"}],"curies":[{"name":"wp","href":"https:\/\/api.w.org\/{rel}","templated":true}]}}