{"id":6219,"date":"2021-02-02T08:22:14","date_gmt":"2021-02-02T08:22:14","guid":{"rendered":"https:\/\/webesti.com\/contacto\/"},"modified":"2026-01-02T17:46:42","modified_gmt":"2026-01-02T17:46:42","slug":"contacto","status":"publish","type":"page","link":"https:\/\/webesti.com\/es\/contacto\/","title":{"rendered":"Contacto"},"content":{"rendered":"\t\t<div data-elementor-type=\"wp-page\" data-elementor-id=\"6219\" class=\"elementor elementor-6219 elementor-1357\" data-elementor-post-type=\"page\">\n\t\t\t\t<div class=\"elementor-element elementor-element-73504392 e-flex e-con-boxed e-con e-parent\" data-id=\"73504392\" data-element_type=\"container\" data-e-type=\"container\" data-settings=\"{&quot;background_background&quot;:&quot;gradient&quot;}\">\n\t\t\t\t\t<div class=\"e-con-inner\">\n\t\t<div class=\"elementor-element elementor-element-5f67c21e e-con-full e-flex elementor-invisible e-con e-child\" data-id=\"5f67c21e\" data-element_type=\"container\" data-e-type=\"container\" data-settings=\"{&quot;animation&quot;:&quot;slideInLeft&quot;}\">\n\t\t\t\t<div class=\"elementor-element elementor-element-121e3fb elementor-widget elementor-widget-heading\" data-id=\"121e3fb\" data-element_type=\"widget\" data-e-type=\"widget\" data-widget_type=\"heading.default\">\n\t\t\t\t<div class=\"elementor-widget-container\">\n\t\t\t\t\t<span class=\"elementor-heading-title elementor-size-default\">\u00a1Trabajemos juntos!<\/span>\t\t\t\t<\/div>\n\t\t\t\t<\/div>\n\t\t<div class=\"elementor-element elementor-element-56a2e9e6 e-flex e-con-boxed e-con e-child\" data-id=\"56a2e9e6\" data-element_type=\"container\" data-e-type=\"container\">\n\t\t\t\t\t<div class=\"e-con-inner\">\n\t\t\t\t<div class=\"elementor-element elementor-element-21d8d249 elementor-widget__width-auto elementor-widget elementor-widget-button\" data-id=\"21d8d249\" data-element_type=\"widget\" data-e-type=\"widget\" data-widget_type=\"button.default\">\n\t\t\t\t<div class=\"elementor-widget-container\">\n\t\t\t\t\t\t\t\t\t<div class=\"elementor-button-wrapper\">\n\t\t\t\t\t<a class=\"elementor-button elementor-button-link elementor-size-sm\" href=\"https:\/\/webesti.com\/es\/\">\n\t\t\t\t\t\t<span class=\"elementor-button-content-wrapper\">\n\t\t\t\t\t\t\t\t\t<span class=\"elementor-button-text\">Inicio<\/span>\n\t\t\t\t\t<\/span>\n\t\t\t\t\t<\/a>\n\t\t\t\t<\/div>\n\t\t\t\t\t\t\t\t<\/div>\n\t\t\t\t<\/div>\n\t\t\t\t<div class=\"elementor-element elementor-element-28f19fd elementor-widget__width-auto elementor-widget elementor-widget-button\" data-id=\"28f19fd\" data-element_type=\"widget\" data-e-type=\"widget\" data-widget_type=\"button.default\">\n\t\t\t\t<div class=\"elementor-widget-container\">\n\t\t\t\t\t\t\t\t\t<div class=\"elementor-button-wrapper\">\n\t\t\t\t\t<a class=\"elementor-button elementor-button-link elementor-size-sm\" href=\"https:\/\/webesti.com\/es\/servicios\/\">\n\t\t\t\t\t\t<span class=\"elementor-button-content-wrapper\">\n\t\t\t\t\t\t\t\t\t<span class=\"elementor-button-text\">Servicios<\/span>\n\t\t\t\t\t<\/span>\n\t\t\t\t\t<\/a>\n\t\t\t\t<\/div>\n\t\t\t\t\t\t\t\t<\/div>\n\t\t\t\t<\/div>\n\t\t\t\t\t<\/div>\n\t\t\t\t<\/div>\n\t\t\t\t<\/div>\n\t\t<div class=\"elementor-element elementor-element-38766ee7 e-con-full e-flex elementor-invisible e-con e-child\" data-id=\"38766ee7\" data-element_type=\"container\" data-e-type=\"container\" data-settings=\"{&quot;background_background&quot;:&quot;classic&quot;,&quot;animation&quot;:&quot;slideInRight&quot;}\">\n\t\t\t\t<div class=\"elementor-element elementor-element-77595874 elementor-widget elementor-widget-image\" data-id=\"77595874\" data-element_type=\"widget\" data-e-type=\"widget\" data-settings=\"{&quot;_animation&quot;:&quot;none&quot;,&quot;_animation_delay&quot;:300}\" data-widget_type=\"image.default\">\n\t\t\t\t<div class=\"elementor-widget-container\">\n\t\t\t\t\t\t\t\t\t\t\t\t\t\t\t<img fetchpriority=\"high\" decoding=\"async\" width=\"800\" height=\"538\" src=\"https:\/\/webesti.com\/wp-content\/uploads\/2024\/03\/profile_picture.png\" class=\"attachment-large size-large wp-image-5988\" alt=\"Eszter Kiss - Imagen de perfil de Webesti\" srcset=\"https:\/\/webesti.com\/wp-content\/uploads\/2024\/03\/profile_picture.png 803w, https:\/\/webesti.com\/wp-content\/uploads\/2024\/03\/profile_picture-300x202.png 300w, https:\/\/webesti.com\/wp-content\/uploads\/2024\/03\/profile_picture-768x516.png 768w\" sizes=\"(max-width: 800px) 100vw, 800px\" \/>\t\t\t\t\t\t\t\t\t\t\t\t\t\t\t<\/div>\n\t\t\t\t<\/div>\n\t\t\t\t<\/div>\n\t\t\t\t\t<\/div>\n\t\t\t\t<\/div>\n\t\t<div class=\"elementor-element elementor-element-6bda638 e-flex e-con-boxed e-con e-parent\" data-id=\"6bda638\" data-element_type=\"container\" data-e-type=\"container\">\n\t\t\t\t\t<div class=\"e-con-inner\">\n\t\t\t\t<div class=\"elementor-element elementor-element-36959760 elementor-widget elementor-widget-heading\" data-id=\"36959760\" data-element_type=\"widget\" data-e-type=\"widget\" data-widget_type=\"heading.default\">\n\t\t\t\t<div class=\"elementor-widget-container\">\n\t\t\t\t\t<h1 class=\"elementor-heading-title elementor-size-default\">Cont\u00e1cteme!<\/h1>\t\t\t\t<\/div>\n\t\t\t\t<\/div>\n\t\t\t\t<div class=\"elementor-element elementor-element-3a2baf40 elementor-widget__width-initial elementor-widget elementor-widget-heading\" data-id=\"3a2baf40\" data-element_type=\"widget\" data-e-type=\"widget\" data-widget_type=\"heading.default\">\n\t\t\t\t<div class=\"elementor-widget-container\">\n\t\t\t\t\t<span class=\"elementor-heading-title elementor-size-default\">Contactame con las dudas que tengas!<\/span>\t\t\t\t<\/div>\n\t\t\t\t<\/div>\n\t\t\t\t<div class=\"elementor-element elementor-element-64012838 elementor-widget__width-initial elementor-widget elementor-widget-text-editor\" data-id=\"64012838\" data-element_type=\"widget\" data-e-type=\"widget\" data-widget_type=\"text-editor.default\">\n\t\t\t\t<div class=\"elementor-widget-container\">\n\t\t\t\t\t\t\t\t\t<p>Si has llegado a esta p\u00e1gina web significa que est\u00e1s pensando en m\u00ed como tu dise\u00f1ador web potencial. Si es as\u00ed, \u00a1viva! Estoy seguro de que haremos que su negocio prospere. <\/p><p>No dudes en enviarme un mensaje a trav\u00e9s del formulario de contacto o programar directamente una videollamada introductoria conmigo. <\/p><p>\u00a1Estoy a la espera de conocerte!<\/p>\t\t\t\t\t\t\t\t<\/div>\n\t\t\t\t<\/div>\n\t\t<div class=\"elementor-element elementor-element-737f0384 e-con-full e-flex e-con e-child\" data-id=\"737f0384\" data-element_type=\"container\" data-e-type=\"container\">\n\t\t<div class=\"elementor-element elementor-element-d4bfbb1 e-con-full e-flex e-con e-child\" data-id=\"d4bfbb1\" data-element_type=\"container\" data-e-type=\"container\">\n\t\t<div class=\"elementor-element elementor-element-d1e4b70 e-flex e-con-boxed e-con e-child\" data-id=\"d1e4b70\" data-element_type=\"container\" data-e-type=\"container\" data-settings=\"{&quot;background_background&quot;:&quot;gradient&quot;}\">\n\t\t\t\t\t<div class=\"e-con-inner\">\n\t\t\t\t<div class=\"elementor-element elementor-element-bbe56dd elementor-widget elementor-widget-heading\" data-id=\"bbe56dd\" data-element_type=\"widget\" data-e-type=\"widget\" data-widget_type=\"heading.default\">\n\t\t\t\t<div class=\"elementor-widget-container\">\n\t\t\t\t\t<h2 class=\"elementor-heading-title elementor-size-default\">Formulario de Contacto<\/h2>\t\t\t\t<\/div>\n\t\t\t\t<\/div>\n\t\t\t\t\t<\/div>\n\t\t\t\t<\/div>\n\t\t\t\t<div class=\"elementor-element elementor-element-54888d1 elementor-widget elementor-widget-wpforms\" data-id=\"54888d1\" data-element_type=\"widget\" data-e-type=\"widget\" data-widget_type=\"wpforms.default\">\n\t\t\t\t<div class=\"elementor-widget-container\">\n\t\t\t\t\t<style id=\"wpforms-css-vars-elementor-widget-54888d1\">\n\t\t\t\t.elementor-widget-wpforms.elementor-element-54888d1 {\n\t\t\t\t--wpforms-field-border-color: #00000030;\n--wpforms-field-border-color-spare: #00000030;\n--wpforms-field-text-color: #000000;\n--wpforms-label-color: #000000;\n--wpforms-button-background-color: #FD8A05;\n\t\t\t}\n\t\t\t<\/style><div class=\"wpforms-container wpforms-container-full wpforms-render-modern\" id=\"wpforms-10\"><form id=\"wpforms-form-10\" class=\"wpforms-validate wpforms-form\" data-formid=\"10\" method=\"post\" enctype=\"multipart\/form-data\" action=\"\/es\/wp-json\/wp\/v2\/pages\/6219\" data-token=\"f6d1e6e4a758111ea0c85b6adfde0493\" data-token-time=\"1777501976\"><noscript class=\"wpforms-error-noscript\">Por favor, activa JavaScript en tu navegador para completar este formulario.<\/noscript><div id=\"wpforms-error-noscript\" style=\"display: none;\">Por favor, activa JavaScript en tu navegador para completar este formulario.<\/div><div class=\"wpforms-field-container\"><div id=\"wpforms-10-field_0-container\" class=\"wpforms-field wpforms-field-name wpforms-one-half wpforms-first\" data-field-id=\"0\"><label class=\"wpforms-field-label wpforms-label-hide\" for=\"wpforms-10-field_0\" aria-hidden=\"false\">Nombre <span class=\"wpforms-required-label\" aria-hidden=\"true\">*<\/span><\/label><input type=\"text\" id=\"wpforms-10-field_0\" class=\"wpforms-field-large wpforms-field-required\" name=\"wpforms[fields][0]\" placeholder=\"\u00bfC\u00f3mo te llamas?\" aria-errormessage=\"wpforms-10-field_0-error\" required><\/div><div id=\"wpforms-10-field_1-container\" class=\"wpforms-field wpforms-field-email wpforms-one-half\" data-field-id=\"1\"><label class=\"wpforms-field-label wpforms-label-hide\" for=\"wpforms-10-field_1\" aria-hidden=\"false\">Email <span class=\"wpforms-required-label\" aria-hidden=\"true\">*<\/span><\/label><input type=\"email\" id=\"wpforms-10-field_1\" class=\"wpforms-field-large wpforms-field-required\" data-rule-restricted-email=\"1\" name=\"wpforms[fields][1]\" placeholder=\"\u00bfCu\u00e1l es tu correo electr\u00f3nico?\" spellcheck=\"false\" aria-errormessage=\"wpforms-10-field_1-error\" required><\/div><div id=\"wpforms-10-field_3-container\" class=\"wpforms-field wpforms-field-select wpforms-field-select-style-modern\" data-field-id=\"3\"><label class=\"wpforms-field-label wpforms-label-hide\" for=\"wpforms-10-field_3\" aria-hidden=\"false\">Elige mi servicio <span class=\"wpforms-required-label\" aria-hidden=\"true\">*<\/span><\/label><select id=\"wpforms-10-field_3\" class=\"wpforms-field-large wpforms-field-required choicesjs-select\" data-size-class=\"wpforms-field-row wpforms-field-large\" data-search-enabled=\"\" name=\"wpforms[fields][3]\" required=\"required\"><option value=\"\" class=\"placeholder\" disabled  selected='selected'>Elige un servicio<\/option><option value=\"Nuevo sitio web\"  class=\"choice-1 depth-1\"  >Nuevo sitio web<\/option><option value=\"Actualizaciones\"  class=\"choice-2 depth-1\"  >Actualizaciones<\/option><option value=\"Mantenimiento\"  class=\"choice-4 depth-1\"  >Mantenimiento<\/option><option value=\"Colaboraci\u00f3n Empresarial\"  class=\"choice-5 depth-1\"  >Colaboraci\u00f3n Empresarial<\/option><\/select><\/div><div id=\"wpforms-10-field_2-container\" class=\"wpforms-field wpforms-field-textarea\" data-field-id=\"2\"><label class=\"wpforms-field-label wpforms-label-hide\" for=\"wpforms-10-field_2\" aria-hidden=\"false\">Mensaje <span class=\"wpforms-required-label\" aria-hidden=\"true\">*<\/span><\/label><textarea id=\"wpforms-10-field_2\" class=\"wpforms-field-large wpforms-field-required wpforms-limit-words-enabled\" data-form-id=\"10\" data-field-id=\"2\" data-text-limit=\"600\" name=\"wpforms[fields][2]\" placeholder=\"Cu\u00e9nteme m\u00e1s sobre c\u00f3mo puedo ayudarte.\" aria-errormessage=\"wpforms-10-field_2-error\" required><\/textarea><\/div><div id=\"wpforms-10-field_4-container\" class=\"wpforms-field wpforms-field-gdpr-checkbox\" data-field-id=\"4\"><label class=\"wpforms-field-label wpforms-label-hide\" aria-hidden=\"false\">Acuerdo RGPD <span class=\"wpforms-required-label\" aria-hidden=\"true\">*<\/span><\/label><ul id=\"wpforms-10-field_4\" class=\"wpforms-field-required\"><li class=\"choice-1\"><input type=\"checkbox\" id=\"wpforms-10-field_4_1\" name=\"wpforms[fields][4][]\" value=\"Doy mi consentimiento para que este sitio web almacene la informaci\u00f3n que he enviado para que puedan responder a mi consulta.\" aria-errormessage=\"wpforms-10-field_4_1-error\" required ><label class=\"wpforms-field-label-inline\" for=\"wpforms-10-field_4_1\">Doy mi consentimiento para que este sitio web almacene la informaci\u00f3n que he enviado para que puedan responder a mi consulta. <span class=\"wpforms-required-label\" aria-hidden=\"true\">*<\/span><\/label><\/li><\/ul><\/div><\/div><!-- .wpforms-field-container --><div class=\"wpforms-recaptcha-container wpforms-is-recaptcha wpforms-is-recaptcha-type-invisible\" ><div class=\"g-recaptcha\" data-sitekey=\"6LcRAz0oAAAAAMsJ_cRLGqaimIqvqcy-mgZ5D-C6\" data-size=\"invisible\"><\/div><\/div><div class=\"wpforms-submit-container\" ><input type=\"hidden\" name=\"wpforms[id]\" value=\"10\"><input type=\"hidden\" name=\"page_title\" value=\"\"><input type=\"hidden\" name=\"page_url\" value=\"https:\/\/webesti.com\/es\/wp-json\/wp\/v2\/pages\/6219\"><input type=\"hidden\" name=\"url_referer\" value=\"\"><button type=\"submit\" name=\"wpforms[submit]\" id=\"wpforms-submit-10\" class=\"wpforms-submit\" data-alt-text=\"Enviando...\" data-submit-text=\"Enviar mensaje\" aria-live=\"assertive\" value=\"wpforms-submit\">Enviar mensaje<\/button><\/div><\/form><\/div>  <!-- .wpforms-container -->\t\t\t\t<\/div>\n\t\t\t\t<\/div>\n\t\t\t\t<\/div>\n\t\t<div class=\"elementor-element elementor-element-ba7de26 e-con-full e-flex e-con e-child\" data-id=\"ba7de26\" data-element_type=\"container\" data-e-type=\"container\" data-settings=\"{&quot;background_background&quot;:&quot;classic&quot;}\">\n\t\t<div class=\"elementor-element elementor-element-0a6a435 e-flex e-con-boxed e-con e-child\" data-id=\"0a6a435\" data-element_type=\"container\" data-e-type=\"container\" data-settings=\"{&quot;background_background&quot;:&quot;gradient&quot;}\">\n\t\t\t\t\t<div class=\"e-con-inner\">\n\t\t\t\t<div class=\"elementor-element elementor-element-cf508b7 elementor-widget elementor-widget-heading\" data-id=\"cf508b7\" data-element_type=\"widget\" data-e-type=\"widget\" data-widget_type=\"heading.default\">\n\t\t\t\t<div class=\"elementor-widget-container\">\n\t\t\t\t\t<h2 class=\"elementor-heading-title elementor-size-default\">Programar una llamada<\/h2>\t\t\t\t<\/div>\n\t\t\t\t<\/div>\n\t\t\t\t\t<\/div>\n\t\t\t\t<\/div>\n\t\t\t\t<div class=\"elementor-element elementor-element-22df465 elementor-widget elementor-widget-shortcode\" data-id=\"22df465\" data-element_type=\"widget\" data-e-type=\"widget\" data-widget_type=\"shortcode.default\">\n\t\t\t\t<div class=\"elementor-widget-container\">\n\t\t\t\t\t\t\t<div class=\"elementor-shortcode\"><!-- Calendly inline widget begin -->\n<div class=\"calendly-inline-widget\" data-url=\"https:\/\/calendly.com\/webesti\/30min?hide_event_type_details=1&amp;hide_gdpr_banner=1&amp;primary_color=fd8a05\" style=\"min-width:320px;height:700px;\"><\/div>\n<script type=\"text\/javascript\" src=\"https:\/\/assets.calendly.com\/assets\/external\/widget.js\" async=\"\"><\/script>\n<!-- Calendly inline widget end --><\/div>\n\t\t\t\t\t\t<\/div>\n\t\t\t\t<\/div>\n\t\t\t\t<\/div>\n\t\t\t\t<\/div>\n\t\t\t\t\t<\/div>\n\t\t\t\t<\/div>\n\t\t<div class=\"elementor-element elementor-element-18419979 e-flex e-con-boxed e-con e-parent\" data-id=\"18419979\" data-element_type=\"container\" data-e-type=\"container\" data-settings=\"{&quot;background_background&quot;:&quot;gradient&quot;}\">\n\t\t\t\t\t<div class=\"e-con-inner\">\n\t\t\t\t<div class=\"elementor-element elementor-element-395deb8a elementor-widget elementor-widget-heading\" data-id=\"395deb8a\" data-element_type=\"widget\" data-e-type=\"widget\" data-widget_type=\"heading.default\">\n\t\t\t\t<div class=\"elementor-widget-container\">\n\t\t\t\t\t<span class=\"elementor-heading-title elementor-size-default\">Promocione tus servicios 24 \/ 7 - Ampl\u00ede la base de clientes - Genere confianza - Venda tus servicios y productos - Reduzca las comisiones<\/span>\t\t\t\t<\/div>\n\t\t\t\t<\/div>\n\t\t\t\t\t<\/div>\n\t\t\t\t<\/div>\n\t\t\t\t<\/div>\n\t\t","protected":false},"excerpt":{"rendered":"<p>\u00a1Trabajemos juntos! Inicio Servicios Cont\u00e1cteme! Contactame con las dudas que tengas! Si has llegado a esta p\u00e1gina web significa que est\u00e1s pensando en m\u00ed como tu dise\u00f1ador web potencial. Si es as\u00ed, \u00a1viva! Estoy seguro de que haremos que su negocio prospere. No dudes en enviarme un mensaje a trav\u00e9s del formulario de contacto o [&hellip;]<\/p>\n","protected":false},"author":4,"featured_media":6439,"parent":0,"menu_order":0,"comment_status":"closed","ping_status":"closed","template":"","meta":{"iawp_total_views":68,"footnotes":""},"class_list":["post-6219","page","type-page","status-publish","has-post-thumbnail","hentry"],"yoast_head":"<!-- This site is optimized with the Yoast SEO plugin v27.5 - https:\/\/yoast.com\/product\/yoast-seo-wordpress\/ -->\n<title>Contacta con una dise\u00f1adora web de WordPress | Webesti<\/title>\n<meta name=\"description\" content=\"\u00bfBuscas Un Especialista Web Para Crear O Mejorar Tu Sitio Web? Ha venido al lugar adecuado. \u00a1Hablemos!\" \/>\n<meta name=\"robots\" content=\"index, follow, max-snippet:-1, max-image-preview:large, max-video-preview:-1\" \/>\n<link rel=\"canonical\" href=\"https:\/\/webesti.com\/es\/contacto\/\" \/>\n<meta property=\"og:locale\" content=\"es_ES\" \/>\n<meta property=\"og:type\" content=\"article\" \/>\n<meta property=\"og:title\" content=\"Contacta con una dise\u00f1adora web de WordPress | Webesti\" \/>\n<meta property=\"og:description\" content=\"\u00bfBuscas Un Especialista Web Para Crear O Mejorar Tu Sitio Web? Ha venido al lugar adecuado. \u00a1Hablemos!\" \/>\n<meta property=\"og:url\" content=\"https:\/\/webesti.com\/es\/contacto\/\" \/>\n<meta property=\"og:site_name\" content=\"Webesti\" \/>\n<meta property=\"article:modified_time\" content=\"2026-01-02T17:46:42+00:00\" \/>\n<meta property=\"og:image\" content=\"https:\/\/webesti.com\/wp-content\/uploads\/2024\/03\/social_profile.jpg\" \/>\n\t<meta property=\"og:image:width\" content=\"1200\" \/>\n\t<meta property=\"og:image:height\" content=\"675\" \/>\n\t<meta property=\"og:image:type\" content=\"image\/jpeg\" \/>\n<meta name=\"twitter:card\" content=\"summary_large_image\" \/>\n<meta name=\"twitter:label1\" content=\"Tiempo de lectura\" \/>\n\t<meta name=\"twitter:data1\" content=\"1 minuto\" \/>\n<script type=\"application\/ld+json\" class=\"yoast-schema-graph\">{\"@context\":\"https:\\\/\\\/schema.org\",\"@graph\":[{\"@type\":\"WebPage\",\"@id\":\"https:\\\/\\\/webesti.com\\\/es\\\/contacto\\\/\",\"url\":\"https:\\\/\\\/webesti.com\\\/es\\\/contacto\\\/\",\"name\":\"Contacta con una dise\u00f1adora web de WordPress | Webesti\",\"isPartOf\":{\"@id\":\"https:\\\/\\\/webesti.com\\\/es\\\/#website\"},\"primaryImageOfPage\":{\"@id\":\"https:\\\/\\\/webesti.com\\\/es\\\/contacto\\\/#primaryimage\"},\"image\":{\"@id\":\"https:\\\/\\\/webesti.com\\\/es\\\/contacto\\\/#primaryimage\"},\"thumbnailUrl\":\"https:\\\/\\\/webesti.com\\\/wp-content\\\/uploads\\\/2024\\\/03\\\/social_profile.jpg\",\"datePublished\":\"2021-02-02T08:22:14+00:00\",\"dateModified\":\"2026-01-02T17:46:42+00:00\",\"description\":\"\u00bfBuscas Un Especialista Web Para Crear O Mejorar Tu Sitio Web? Ha venido al lugar adecuado. \u00a1Hablemos!\",\"breadcrumb\":{\"@id\":\"https:\\\/\\\/webesti.com\\\/es\\\/contacto\\\/#breadcrumb\"},\"inLanguage\":\"es\",\"potentialAction\":[{\"@type\":\"ReadAction\",\"target\":[\"https:\\\/\\\/webesti.com\\\/es\\\/contacto\\\/\"]}]},{\"@type\":\"ImageObject\",\"inLanguage\":\"es\",\"@id\":\"https:\\\/\\\/webesti.com\\\/es\\\/contacto\\\/#primaryimage\",\"url\":\"https:\\\/\\\/webesti.com\\\/wp-content\\\/uploads\\\/2024\\\/03\\\/social_profile.jpg\",\"contentUrl\":\"https:\\\/\\\/webesti.com\\\/wp-content\\\/uploads\\\/2024\\\/03\\\/social_profile.jpg\",\"width\":1200,\"height\":675,\"caption\":\"Eszter Kiss - Imagen de perfil de Webesti\"},{\"@type\":\"BreadcrumbList\",\"@id\":\"https:\\\/\\\/webesti.com\\\/es\\\/contacto\\\/#breadcrumb\",\"itemListElement\":[{\"@type\":\"ListItem\",\"position\":1,\"name\":\"Inicio\",\"item\":\"https:\\\/\\\/webesti.com\\\/es\\\/\"},{\"@type\":\"ListItem\",\"position\":2,\"name\":\"Contacto\"}]},{\"@type\":\"WebSite\",\"@id\":\"https:\\\/\\\/webesti.com\\\/es\\\/#website\",\"url\":\"https:\\\/\\\/webesti.com\\\/es\\\/\",\"name\":\"Webesti\",\"description\":\"Website Design &amp; Development\",\"publisher\":{\"@id\":\"https:\\\/\\\/webesti.com\\\/es\\\/#\\\/schema\\\/person\\\/057aef682a457c3d1d9183c3e05a3b16\"},\"potentialAction\":[{\"@type\":\"SearchAction\",\"target\":{\"@type\":\"EntryPoint\",\"urlTemplate\":\"https:\\\/\\\/webesti.com\\\/es\\\/?s={search_term_string}\"},\"query-input\":{\"@type\":\"PropertyValueSpecification\",\"valueRequired\":true,\"valueName\":\"search_term_string\"}}],\"inLanguage\":\"es\"},{\"@type\":[\"Person\",\"Organization\"],\"@id\":\"https:\\\/\\\/webesti.com\\\/es\\\/#\\\/schema\\\/person\\\/057aef682a457c3d1d9183c3e05a3b16\",\"name\":\"Eszter Kiss\",\"image\":{\"@type\":\"ImageObject\",\"inLanguage\":\"es\",\"@id\":\"https:\\\/\\\/webesti.com\\\/wp-content\\\/uploads\\\/2024\\\/03\\\/Insta_profile.png\",\"url\":\"https:\\\/\\\/webesti.com\\\/wp-content\\\/uploads\\\/2024\\\/03\\\/Insta_profile.png\",\"contentUrl\":\"https:\\\/\\\/webesti.com\\\/wp-content\\\/uploads\\\/2024\\\/03\\\/Insta_profile.png\",\"width\":904,\"height\":1280,\"caption\":\"Eszter Kiss\"},\"logo\":{\"@id\":\"https:\\\/\\\/webesti.com\\\/wp-content\\\/uploads\\\/2024\\\/03\\\/Insta_profile.png\"}}]}<\/script>\n<!-- \/ Yoast SEO plugin. -->","yoast_head_json":{"title":"Contacta con una dise\u00f1adora web de WordPress | Webesti","description":"\u00bfBuscas Un Especialista Web Para Crear O Mejorar Tu Sitio Web? Ha venido al lugar adecuado. \u00a1Hablemos!","robots":{"index":"index","follow":"follow","max-snippet":"max-snippet:-1","max-image-preview":"max-image-preview:large","max-video-preview":"max-video-preview:-1"},"canonical":"https:\/\/webesti.com\/es\/contacto\/","og_locale":"es_ES","og_type":"article","og_title":"Contacta con una dise\u00f1adora web de WordPress | Webesti","og_description":"\u00bfBuscas Un Especialista Web Para Crear O Mejorar Tu Sitio Web? Ha venido al lugar adecuado. \u00a1Hablemos!","og_url":"https:\/\/webesti.com\/es\/contacto\/","og_site_name":"Webesti","article_modified_time":"2026-01-02T17:46:42+00:00","og_image":[{"width":1200,"height":675,"url":"https:\/\/webesti.com\/wp-content\/uploads\/2024\/03\/social_profile.jpg","type":"image\/jpeg"}],"twitter_card":"summary_large_image","twitter_misc":{"Tiempo de lectura":"1 minuto"},"schema":{"@context":"https:\/\/schema.org","@graph":[{"@type":"WebPage","@id":"https:\/\/webesti.com\/es\/contacto\/","url":"https:\/\/webesti.com\/es\/contacto\/","name":"Contacta con una dise\u00f1adora web de WordPress | Webesti","isPartOf":{"@id":"https:\/\/webesti.com\/es\/#website"},"primaryImageOfPage":{"@id":"https:\/\/webesti.com\/es\/contacto\/#primaryimage"},"image":{"@id":"https:\/\/webesti.com\/es\/contacto\/#primaryimage"},"thumbnailUrl":"https:\/\/webesti.com\/wp-content\/uploads\/2024\/03\/social_profile.jpg","datePublished":"2021-02-02T08:22:14+00:00","dateModified":"2026-01-02T17:46:42+00:00","description":"\u00bfBuscas Un Especialista Web Para Crear O Mejorar Tu Sitio Web? Ha venido al lugar adecuado. \u00a1Hablemos!","breadcrumb":{"@id":"https:\/\/webesti.com\/es\/contacto\/#breadcrumb"},"inLanguage":"es","potentialAction":[{"@type":"ReadAction","target":["https:\/\/webesti.com\/es\/contacto\/"]}]},{"@type":"ImageObject","inLanguage":"es","@id":"https:\/\/webesti.com\/es\/contacto\/#primaryimage","url":"https:\/\/webesti.com\/wp-content\/uploads\/2024\/03\/social_profile.jpg","contentUrl":"https:\/\/webesti.com\/wp-content\/uploads\/2024\/03\/social_profile.jpg","width":1200,"height":675,"caption":"Eszter Kiss - Imagen de perfil de Webesti"},{"@type":"BreadcrumbList","@id":"https:\/\/webesti.com\/es\/contacto\/#breadcrumb","itemListElement":[{"@type":"ListItem","position":1,"name":"Inicio","item":"https:\/\/webesti.com\/es\/"},{"@type":"ListItem","position":2,"name":"Contacto"}]},{"@type":"WebSite","@id":"https:\/\/webesti.com\/es\/#website","url":"https:\/\/webesti.com\/es\/","name":"Webesti","description":"Website Design &amp; Development","publisher":{"@id":"https:\/\/webesti.com\/es\/#\/schema\/person\/057aef682a457c3d1d9183c3e05a3b16"},"potentialAction":[{"@type":"SearchAction","target":{"@type":"EntryPoint","urlTemplate":"https:\/\/webesti.com\/es\/?s={search_term_string}"},"query-input":{"@type":"PropertyValueSpecification","valueRequired":true,"valueName":"search_term_string"}}],"inLanguage":"es"},{"@type":["Person","Organization"],"@id":"https:\/\/webesti.com\/es\/#\/schema\/person\/057aef682a457c3d1d9183c3e05a3b16","name":"Eszter Kiss","image":{"@type":"ImageObject","inLanguage":"es","@id":"https:\/\/webesti.com\/wp-content\/uploads\/2024\/03\/Insta_profile.png","url":"https:\/\/webesti.com\/wp-content\/uploads\/2024\/03\/Insta_profile.png","contentUrl":"https:\/\/webesti.com\/wp-content\/uploads\/2024\/03\/Insta_profile.png","width":904,"height":1280,"caption":"Eszter Kiss"},"logo":{"@id":"https:\/\/webesti.com\/wp-content\/uploads\/2024\/03\/Insta_profile.png"}}]}},"_links":{"self":[{"href":"https:\/\/webesti.com\/es\/wp-json\/wp\/v2\/pages\/6219","targetHints":{"allow":["GET"]}}],"collection":[{"href":"https:\/\/webesti.com\/es\/wp-json\/wp\/v2\/pages"}],"about":[{"href":"https:\/\/webesti.com\/es\/wp-json\/wp\/v2\/types\/page"}],"author":[{"embeddable":true,"href":"https:\/\/webesti.com\/es\/wp-json\/wp\/v2\/users\/4"}],"replies":[{"embeddable":true,"href":"https:\/\/webesti.com\/es\/wp-json\/wp\/v2\/comments?post=6219"}],"version-history":[{"count":2,"href":"https:\/\/webesti.com\/es\/wp-json\/wp\/v2\/pages\/6219\/revisions"}],"predecessor-version":[{"id":8431,"href":"https:\/\/webesti.com\/es\/wp-json\/wp\/v2\/pages\/6219\/revisions\/8431"}],"wp:featuredmedia":[{"embeddable":true,"href":"https:\/\/webesti.com\/es\/wp-json\/wp\/v2\/media\/6439"}],"wp:attachment":[{"href":"https:\/\/webesti.com\/es\/wp-json\/wp\/v2\/media?parent=6219"}],"curies":[{"name":"wp","href":"https:\/\/api.w.org\/{rel}","templated":true}]}}